{"id":8675,"date":"2025-03-26T23:48:31","date_gmt":"2025-03-26T23:48:31","guid":{"rendered":"https:\/\/susistemapruebas.com\/grapi\/?page_id=8675"},"modified":"2025-05-22T19:05:35","modified_gmt":"2025-05-22T19:05:35","slug":"geriatria","status":"publish","type":"page","link":"https:\/\/susistemapruebas.com\/grapi\/geriatria\/","title":{"rendered":"Geriatria"},"content":{"rendered":"<p>[vc_row css=\u00bb.vc_custom_1717610396110{padding-top: 50px !important;padding-bottom: 50px !important;background-image: url(https:\/\/susistemapruebas.com\/grapi\/wp-content\/uploads\/2024\/06\/encabezados.webp?id=5470) !important;background-position: center !important;background-repeat: no-repeat !important;background-size: cover !important;}\u00bb][vc_column]<style>.ld_fancy_heading_69d742e8c49b1 h1{color:rgb(255, 255, 255);}.ld_fancy_heading_69d742e8c49b1 .lqd-highlight-inner{height:0.275em!important;bottom:0px!important;}<\/style><div class=\"ld-fancy-heading ld_fancy_heading_69d742e8c49b1\">\n\t<h1 class=\"ld-fh-element lqd-highlight-underline lqd-highlight-grow-left text-decoration-default\"   >  Espacio Sensorial para Geriatria<\/h1><\/div>[\/vc_column][\/vc_row][vc_row content_placement=\u00bbmiddle\u00bb css=\u00bb.vc_custom_1717610942500{padding-top: 50px !important;padding-bottom: 50px !important;}\u00bb][vc_column width=\u00bb1\/2&#8243;][vc_column_text]<span style=\"font-size: 21px;\"><b>Estimulaci\u00f3n Sensorial en Adultos Mayores<\/b><\/span><\/p>\n<p>Estimulaci\u00f3n multisensorial controlada se utiliza para adultos mayores con discapacidades como la demencia,\u00a0 implica exponerlos a un relajante y estimulante ambiente dentro de la \u00absala Sensorial\u00bb.\u00a0 Estas habitaciones est\u00e1n especialmente dise\u00f1adas para ofrecer est\u00edmulos a los sentidos, con efectos de luz, color, sonidos, m\u00fasica, olores, etc.<\/p>\n<p>Es una herramienta muy eficaz en la terapia de mayores con deterioro cognitivo porque les ayuda a estimular\/relajar la mente y mejorar algunos rasgos de psicomotricidad a trav\u00e9s de elementos visuales, auditivos, t\u00e1ctiles, olfativos y gustativos.[\/vc_column_text][\/vc_column][vc_column width=\u00bb1\/2&#8243; css=\u00bb.vc_custom_1717610920330{padding-right: 50px !important;padding-left: 50px !important;}\u00bb]<style>.ld_spacer_69d742e8c4ee5{height:32px;}<\/style>\n<div class=\"ld-empty-space ld_spacer_69d742e8c4ee5\"><\/div>[vc_single_image image=\u00bb8677&#8243;][\/vc_column][\/vc_row][vc_row content_placement=\u00bbmiddle\u00bb css=\u00bb.vc_custom_1717611497880{padding-top: 50px !important;padding-bottom: 50px !important;background-color: #dac9df !important;}\u00bb][vc_column width=\u00bb1\/2&#8243;][vc_single_image image=\u00bb8680&#8243;][\/vc_column][vc_column width=\u00bb1\/2&#8243; css=\u00bb.vc_custom_1717610920330{padding-right: 50px !important;padding-left: 50px !important;}\u00bb][vc_column_text]Los beneficios de un Sala Sensorial\u00a0 para el cuidado de Alzheimer<\/p>\n<ul>\n<li>Se ha observado que permite a los residentes a disfrutar de sesiones en un ambiente seguro y estimulante.<\/li>\n<li>\u00a0Este ambiente estimula los sentidos con una combinaci\u00f3n de m\u00fasica y efectos de luz, juegos blandos y otros equipos t\u00e1ctiles y dispositivos de sonido. Esto ha demostrado ser muy eficaz entre los residentes.<\/li>\n<li>La sala sensorial proporciona relajaci\u00f3n y estimulaci\u00f3n en un entorno controlable o para recrear experiencias personales pasadas que traen recuerdos felices para los pacientes de edad avanzada. (remimisencia )<\/li>\n<li>Los sistemas tambi\u00e9n ayudan al personal a ofrecer una amplia gama de terapias de apoyo y actividades que pueden ayudar al bienestar de los residentes.<\/li>\n<\/ul>\n<p>[\/vc_column_text][\/vc_column][\/vc_row][vc_row css=\u00bb.vc_custom_1717611005899{padding-top: 50px !important;padding-bottom: 50px !important;background-color: #ffddc5 !important;}\u00bb][vc_column width=\u00bb1\/2&#8243;][vc_column_text]El objetivo es conseguir la relajaci\u00f3n que ofrece la Sala con sillones, popotes con luz led o tubo de burbujas cuyo objetivo es mejorar la atenci\u00f3n para adultos mayores con demencia.<\/p>\n<p>Las Salas Sensoriales son un ambiente terap\u00e9utico creado con el prop\u00f3sito expreso de entregar altos niveles de est\u00edmulos a los pacientes con demencia.<\/p>\n<p>Una habitaci\u00f3n privada muestra ilusiones \u00f3pticas con efectos de iluminaci\u00f3n combinados, aromas, colores, texturas y sonidos para estimular los sistemas olfativos, auditivos y gustativas de una persona.[\/vc_column_text][\/vc_column][vc_column width=\u00bb1\/2&#8243;][vc_single_image image=\u00bb8744&#8243;][\/vc_column][\/vc_row][vc_row css=\u00bb.vc_custom_1745969059114{background-color: #a6eaea !important;}\u00bb][vc_column width=\u00bb1\/2&#8243;][vc_single_image image=\u00bb8746&#8243;][\/vc_column][vc_column width=\u00bb1\/2&#8243;][vc_column_text]La habitaci\u00f3n o sala Sensorial puede mostrar el \u00e9xito notable en la mejora de la comunicaci\u00f3n, disminuyendo el estr\u00e9s.<\/p>\n<p>Se ha encontrado muchos beneficios en el cambio de comportamiento en la poblaci\u00f3n de demencia. M\u00e1s importante a\u00fan, los beneficios a largo plazo a trav\u00e9s de un per\u00edodo de tres meses habiendo disminuido la agitaci\u00f3n.<\/p>\n<p>Hemos visto que la\u00a0<b>estimulaci\u00f3n sensorial<\/b>\u00a0para pacientes con Alzheimer y personas con otras formas de demencia\u00a0<u><b>disminuye la agitaci\u00f3n e inquietud<\/b><\/u>, as\u00ed como\u00a0<b>mejora el sue\u00f1o<\/b>.[\/vc_column_text][\/vc_column][\/vc_row][vc_row css=\u00bb.vc_custom_1745973290630{background-color: #ffddc5 !important;}\u00bb][vc_column][vc_column_text]<\/p>\n<h2><strong>ASESORIA CON 20 A\u00d1OS DE EXPERIENCIA<\/strong><\/h2>\n<p>Contamos con TERAPEUTAS SNOEZELEN certificadas por ISNA Espa\u00f1a, La asesor\u00eda que proporcionamos consiste proponerles y recomendar las mejores opciones en materia, informaci\u00f3n concreta sobre los EQUIPAMIENTOS SENSORIALES: dise\u00f1o, mediciones, reuniones, describiendo y desglosados todos los servicios y\/o productos que les ofrecemos adem\u00e1s de las ESPECIFICACIONES ESTRUCTURALES PARA LA INSTALACI\u00d3N DE ESPACIOS SENSORIALES de manera profesional por nuestra parte.[\/vc_column_text]<style>.ld_button_69d742e8c5110.btn-icon-solid .btn-icon{background:rgb(255, 0, 0);}.ld_button_69d742e8c5110.btn-icon-circle.btn-icon-ripple .btn-icon:before{border-color:rgb(255, 0, 0);}.ld_button_69d742e8c5110{background-color:rgb(255, 0, 0);border-color:rgb(255, 0, 0);}.ld_button_69d742e8c5110 .btn-gradient-border defs stop:first-child{stop-color:rgb(255, 0, 0);}.ld_button_69d742e8c5110 .btn-gradient-border defs stop:last-child{stop-color:rgb(255, 0, 0);}<\/style><a href=\"https:\/\/susistemapruebas.com\/grapi\/contacto\/\" title=\"Contacto\" class=\"btn btn-solid border-thin btn-has-label ld_button_69d742e8c5110\" >\n\t<span>\n\t\t\n\t\t\t\t\t<span class=\"btn-txt\" data-text=\"Cont\u00e1ctanos\" >Cont\u00e1ctanos<\/span>\n\t\t\t\n\t\t\t\t\t<\/span>\n<\/a>\n[\/vc_column][\/vc_row]<\/p>\n","protected":false},"excerpt":{"rendered":"<p>[vc_row css=\u00bb.vc_custom_1717610396110{padding-top: 50px !important;padding-bottom: 50px !important;background-image: url(https:\/\/susistemapruebas.com\/grapi\/wp-content\/uploads\/2024\/06\/encabezados.webp?id=5470) !important;background-position: center !important;background-repeat: no-repeat !important;background-size: cover !important;}\u00bb][vc_column][\/vc_column][\/vc_row][vc_row content_placement=\u00bbmiddle\u00bb css=\u00bb.vc_custom_1717610942500{padding-top: 50px !important;padding-bottom: 50px !important;}\u00bb][vc_column width=\u00bb1\/2&#8243;][vc_column_text]Estimulaci\u00f3n Sensorial en Adultos Mayores Estimulaci\u00f3n multisensorial controlada se utiliza para adultos mayores con discapacidades como la demencia,\u00a0 implica exponerlos a un relajante y estimulante ambiente dentro de la \u00absala Sensorial\u00bb.\u00a0 Estas habitaciones est\u00e1n especialmente [&hellip;]<\/p>\n","protected":false},"author":1,"featured_media":0,"parent":0,"menu_order":0,"comment_status":"closed","ping_status":"open","template":"","meta":{"footnotes":""},"class_list":["post-8675","page","type-page","status-publish","hentry"],"_links":{"self":[{"href":"https:\/\/susistemapruebas.com\/grapi\/wp-json\/wp\/v2\/pages\/8675","targetHints":{"allow":["GET"]}}],"collection":[{"href":"https:\/\/susistemapruebas.com\/grapi\/wp-json\/wp\/v2\/pages"}],"about":[{"href":"https:\/\/susistemapruebas.com\/grapi\/wp-json\/wp\/v2\/types\/page"}],"author":[{"embeddable":true,"href":"https:\/\/susistemapruebas.com\/grapi\/wp-json\/wp\/v2\/users\/1"}],"replies":[{"embeddable":true,"href":"https:\/\/susistemapruebas.com\/grapi\/wp-json\/wp\/v2\/comments?post=8675"}],"version-history":[{"count":19,"href":"https:\/\/susistemapruebas.com\/grapi\/wp-json\/wp\/v2\/pages\/8675\/revisions"}],"predecessor-version":[{"id":8874,"href":"https:\/\/susistemapruebas.com\/grapi\/wp-json\/wp\/v2\/pages\/8675\/revisions\/8874"}],"wp:attachment":[{"href":"https:\/\/susistemapruebas.com\/grapi\/wp-json\/wp\/v2\/media?parent=8675"}],"curies":[{"name":"wp","href":"https:\/\/api.w.org\/{rel}","templated":true}]}}