{"id":742,"date":"2021-05-25T18:03:51","date_gmt":"2021-05-25T18:03:51","guid":{"rendered":"https:\/\/www.grupoorthos.com.mx\/?page_id=742"},"modified":"2025-10-30T00:07:19","modified_gmt":"2025-10-30T00:07:19","slug":"consola-doit","status":"publish","type":"page","link":"https:\/\/susistemapruebas.com\/grapi\/consola-doit\/","title":{"rendered":"Consola DOIT"},"content":{"rendered":"<p>[vc_row css=\u00bb.vc_custom_1717610396110{padding-top: 50px !important;padding-bottom: 50px !important;background-image: url(https:\/\/susistemapruebas.com\/grapi\/wp-content\/uploads\/2024\/06\/encabezados.webp?id=5470) !important;background-position: center !important;background-repeat: no-repeat !important;background-size: cover !important;}\u00bb][vc_column]<style>.ld_fancy_heading_69d72f26d41a9 h1{color:rgb(255, 255, 255);}.ld_fancy_heading_69d72f26d41a9 .lqd-highlight-inner{height:0.275em!important;bottom:0px!important;}<\/style><div class=\"ld-fancy-heading ld_fancy_heading_69d72f26d41a9\">\n\t<h1 class=\"ld-fh-element lqd-highlight-underline lqd-highlight-grow-left text-decoration-default\"   >  Consola DOIT y sus componentes<\/h1><\/div>[\/vc_column][\/vc_row][vc_row content_placement=\u00bbmiddle\u00bb responsive_css=\u00bbpadding_top_medium:40px|padding_bottom_medium:80px|padding_bottom_small:50px\u00bb css=\u00bb.vc_custom_1658178667413{background-color: #ffffff !important;}\u00bb][vc_column enable_content_animation=\u00bbyes\u00bb ca_init_scale_x=\u00bb1&#8243; ca_init_scale_y=\u00bb1&#8243; ca_init_opacity=\u00bb0&#8243; ca_an_scale_x=\u00bb1&#8243; ca_an_scale_y=\u00bb1&#8243; ca_an_opacity=\u00bb1&#8243; align=\u00bbtext-center\u00bb offset=\u00bbvc_col-md-offset-3 vc_col-md-6&#8243; responsive_css=\u00bbpadding_right_medium:5%25|padding_left_medium:5%25&#8243; ca_duration=\u00bb1800&#8243; ca_delay=\u00bb180&#8243; ca_init_translate_y=\u00bb35&#8243; responsive_align=\u00bbtext-center\u00bb css=\u00bb.vc_custom_1658178845054{margin-top: 50px !important;}\u00bb]<style>.ld_fancy_heading_69d72f26d460e h2{color:rgb(35, 46, 108);}@media (min-width: 768px) { .ld_fancy_heading_69d72f26d460e h2 {font-size:43px; }  } .ld_fancy_heading_69d72f26d460e h2 {margin-bottom:0.25em !important;  } .ld_fancy_heading_69d72f26d460e .lqd-highlight-inner{height:0.275em!important;bottom:0px!important;}@media (min-width: 768px) { .ld_fancy_heading_69d72f26d460e h2 {font-size:43px; }  } .ld_fancy_heading_69d72f26d460e h2 {margin-bottom:0.25em !important;  } <\/style><div class=\"ld-fancy-heading ld_fancy_heading_69d72f26d460e\">\n\t<h2 class=\"ld-fh-element lqd-highlight-underline lqd-highlight-grow-left text-decoration-default\"   >  DOIT CONSOLE<\/h2><\/div><style>.ld_fancy_heading_69d72f26d4906 .lqd-highlight-inner{height:0.275em!important;bottom:0px!important;}<\/style><div class=\"ld-fancy-heading ld_fancy_heading_69d72f26d4906\">\n\t<p class=\"ld-fh-element lqd-highlight-underline lqd-highlight-grow-left text-decoration-default\"   >  ACTIVIDADES SENSORIALES EN EL ESPACIO MULTISENSORIAL.<\/p><\/div>[\/vc_column][\/vc_row][vc_row][vc_column]<style>.ld_fancy_heading_69d72f26d4bd0 .lqd-highlight-inner{height:0.275em!important;bottom:0px!important;}<\/style><div class=\"ld-fancy-heading ld_fancy_heading_69d72f26d4bd0\">\n\t<p class=\"ld-fh-element lqd-highlight-underline lqd-highlight-grow-left text-decoration-default\"   >  Las actividades sensoriales son imprescindibles para estimular. Ejercicios sensoriales, juegos sensoriales, cuentos vivenciados\u2026 Veamos como funciona la consola DOIT.<\/p>\n<ul>\n<li>En primer lugar controla los elementos del espacio multisensorial DOIT o espacio snoezelen a trav\u00e9s de ordenadores, tabletas o Smartphones.<\/li>\n<li>Reproduce v\u00eddeos y\u00a0multimedia\u00a0integrados en su memoria.<\/li>\n<li>El usuario puede reproducir tambi\u00e9n su propio contenido multimedia<\/li>\n<li>Tambi\u00e9n permite controlar columnas sensoriales, focos led, fibras \u00f3pticas y mas de tu espacio sensorial&#8230; (Color, encendido, apagado\u2026)<\/li>\n<li>Reproduce cuentos vivenciales en la sala multisensorial<\/li>\n<li>Adem\u00e1s contiene gran variedad de actividades sensoriales.<\/li>\n<\/ul>\n<p>Esto y Mucho m\u00e1s funcionalidades.<\/p><\/div>[\/vc_column][\/vc_row][vc_row content_placement=\u00bbmiddle\u00bb css=\u00bb.vc_custom_1717643159654{padding-top: 20px !important;padding-bottom: 20px !important;background-color: #b695c0 !important;}\u00bb][vc_column width=\u00bb1\/2&#8243;]<style>.ld_fancy_heading_69d72f26d4f4e h1{color:rgb(255, 255, 255);}.ld_fancy_heading_69d72f26d4f4e h1 {font-size:30px; } .ld_fancy_heading_69d72f26d4f4e .lqd-highlight-inner{height:0.275em!important;bottom:0px!important;}.ld_fancy_heading_69d72f26d4f4e h1 {font-size:30px; } <\/style><div class=\"ld-fancy-heading ld_fancy_heading_69d72f26d4f4e\">\n\t<h1 class=\"ld-fh-element lqd-highlight-underline lqd-highlight-grow-left text-decoration-default\"   >  CONSOLA<\/h1><\/div><style>.ld_fancy_heading_69d72f26d5236 p{color:rgb(255, 255, 255);}.ld_fancy_heading_69d72f26d5236 .lqd-highlight-inner{height:0.275em!important;bottom:0px!important;}<\/style><div class=\"ld-fancy-heading ld_fancy_heading_69d72f26d5236\">\n\t<p class=\"ld-fh-element lqd-highlight-underline lqd-highlight-grow-left text-decoration-default\"   >  <\/p>\n<div class=\"avia_textblock \">\n<p>Nuestra \u00faltima gran herramienta DOIT CONSOLE controla todos los elementos de la sala multisensorial o snoezelen, a trav\u00e9s de ordenadores, tablets o smartphones.<\/p>\n<p>Gracias a la Consola Doit puede realizar actividades de desarrollo cognitivo, todo integrado en un dispositivo, que contiene decenas de actividades como relaci\u00f3n de im\u00e1genes con sonidos y viceversa, im\u00e1genes con aromas, juegos para la memoria, suma de objetos y muchos m\u00e1s.<\/p>\n<p>Una de las funcionalidades m\u00e1s interesantes de la CONSOLA DOIT es poder crear m\u00fasica con el movimiento del usuario as\u00ed como reproducir v\u00eddeos multimedia integrados en su memoria.<\/p>\n<p>FUNCIONES DE LA CONSOLA DOIT:<\/p>\n<p>Automatizar sesiones en la sala multisensorial<\/p>\n<p>Crear ambientes interactivos en funci\u00f3n de la finalidad de la sesi\u00f3n (relajaci\u00f3n, activaci\u00f3n, etc.)<\/p>\n<p>Reproduce cuentos vivenciales controlando los elementos de la sala multisensorial como el proyector de v\u00eddeo y equipo de audio.<\/p>\n<p>Editar los cuentos vivenciales para que puedan recrear cualquier cuento o historia seg\u00fan los elementos multisensoriales que tengan en su sala multisensorial.<\/p><\/div>\n<p><\/p><\/div>[\/vc_column][vc_column width=\u00bb1\/2&#8243;][vc_media_grid element_width=\u00bb6&#8243; item=\u00bbmasonryMedia_Default\u00bb grid_id=\u00bbvc_gid:1761781648558-9ac153bb-a7da-8&#8243; include=\u00bb9191,9193,9194,9196&#8243;][vc_video link=\u00bbhttps:\/\/youtu.be\/bS1nzkxEeaQ?si=UFIzhtKrFm3x-sCG\u00bb]<style>.ld_fancy_heading_69d72f26d55dd p{color:rgb(255, 255, 255);}.ld_fancy_heading_69d72f26d55dd .lqd-highlight-inner{height:0.275em!important;bottom:0px!important;}<\/style><div class=\"ld-fancy-heading ld_fancy_heading_69d72f26d55dd\">\n\t<p class=\"ld-fh-element lqd-highlight-underline lqd-highlight-grow-left text-decoration-default\"   >  Cambiar el color de cualquier elemento de la gama DOIT con el comunicador, un selector de color a pantalla completa para que los usuarios de la sala multisensorial puedan interactuar con los diferentes elementos de la sala.<\/p>\n<p>M\u00c1S INFORMACI\u00d3N:<\/p>\n<p>Puedes pedir un presupuesto sin compromiso, en primer lugar, te rogamos que seas tan amable de llenar nuestro breve cuestionario en la secci\u00f3n de Contacto para que te enviemos la informaci\u00f3n necesaria.<\/p><\/div>[\/vc_column][\/vc_row][vc_row css=\u00bb.vc_custom_1717643939213{padding-top: 20px !important;padding-bottom: 20px !important;background-color: #9ce0db !important;background-position: center !important;background-repeat: no-repeat !important;background-size: cover !important;}\u00bb][vc_column width=\u00bb1\/2&#8243;]<style>.ld_fancy_heading_69d72f26d58e5 h1{color:rgb(0, 0, 0);}.ld_fancy_heading_69d72f26d58e5 h1 {font-size:30px; } .ld_fancy_heading_69d72f26d58e5 .lqd-highlight-inner{height:0.275em!important;bottom:0px!important;}.ld_fancy_heading_69d72f26d58e5 h1 {font-size:30px; } <\/style><div class=\"ld-fancy-heading ld_fancy_heading_69d72f26d58e5\">\n\t<h1 class=\"ld-fh-element lqd-highlight-underline lqd-highlight-grow-left text-decoration-default\"   >  PANTALLA T\u00c1CTIL DOIT<\/h1><\/div><style>.ld_fancy_heading_69d72f26d5bbe p{color:rgb(0, 0, 0);}.ld_fancy_heading_69d72f26d5bbe .lqd-highlight-inner{height:0.275em!important;bottom:0px!important;}<\/style><div class=\"ld-fancy-heading ld_fancy_heading_69d72f26d5bbe\">\n\t<p class=\"ld-fh-element lqd-highlight-underline lqd-highlight-grow-left text-decoration-default\"   >  <strong>PANTALLA SENSORIAL T\u00c1CTIL DE ACTIVIDADES DOIT<\/strong><\/p>\n<p>Este potente monitor de 43 pulgadas incorpora todo el sistema operativo desarrollado por DOIT. Las actividades cognitivas pueden combinarse con las reacciones en otros elementos de la sala tales como un proyector, una columna de agua, fibras \u00f3pticas etc\u2026<\/p>\n<p>Actualmente se incluyen m\u00e1s de 30 ejercicios cognitivos. Gracias a sus actualizaciones se pueden incorporar nuevos ejercicios.<br \/>\nDesde la relaci\u00f3n de im\u00e1genes con sonidos, sonidos con im\u00e1genes, identificaci\u00f3n de formas, b\u00fasqueda de objetos, juegos de parejas, juegos de memoria, ordenar\u00a0 de grande a peque\u00f1o y muchas otras m\u00e1s.<br \/>\nSi dispone de dispositivos de la firma DOIT en su sala multisensorial al realizar\u00a0 correctamente los ejercicios se iluminar\u00e1n con el color verde o el color que quiera\u00a0 o si falla en su respuesta puede hacer que sus dispositivos se enciendan tambi\u00e9n.<\/p>\n<p><strong>ACTIVIDADES:<\/strong><\/p>\n<p>Actualmente se incluyen aproximadamente m\u00e1s de 30 ejercicios cognitivos. Sin embargo se siguen desarrollando m\u00e1s ejercicios constantemente.<\/p>\n<p>Adem\u00e1s de la relaci\u00f3n de im\u00e1genes, tambi\u00e9n hay identificaci\u00f3n de formas, adem\u00e1s de b\u00fasqueda de objetos, juegos de parejas, juegos de memoria, ordenar de grande a peque\u00f1o y muchas m\u00e1s.<\/p>\n<p><strong>EJERCICIOS QUE INCLUYE:<\/strong><\/p>\n<ul>\n<li><strong>COMUNICADOR ADAPTADO.<\/strong><\/li>\n<\/ul>\n<p>Formado por ocho grandes pulsadores digitales de color para cambiar de color cualquier dispositivo interactivo DOIT<\/p>\n<ul>\n<li style=\"list-style-type: none\">\n<ul>\n<li><strong>ESTUDIO DE M\u00daSICA.<\/strong><\/li>\n<\/ul>\n<\/li>\n<\/ul>\n<p>Varios instrumentos a escoger y con sonido<\/p>\n<ul>\n<li style=\"list-style-type: none\">\n<ul>\n<li><strong>CARRUSEL DE IMAGEN Y SONIDO.<\/strong><\/li>\n<\/ul>\n<\/li>\n<\/ul>\n<p>Asociaci\u00f3n de im\u00e1genes con sonidos<\/p>\n<ul>\n<li style=\"list-style-type: none\">\n<ul>\n<li><strong>CARRUSEL DE FAMILIAS.<\/strong><\/li>\n<\/ul>\n<\/li>\n<\/ul>\n<p>Im\u00e1genes variadas con cambio de imagen en funci\u00f3n al color del pulsador<\/p>\n<ul>\n<li style=\"list-style-type: none\">\n<ul>\n<li><strong>ADIVINA EL SONIDO.<\/strong><\/li>\n<\/ul>\n<\/li>\n<\/ul>\n<p>Suena un sonido y debemos escoger la imagen correspondiente a dicho sonido.<\/p>\n<p><strong>MU\u00c9VETE VISUAL Y AUDITIVO.<\/strong><\/p>\n<p>Esta es una de las aplicaciones m\u00e1s interactivas de la consola, seleccione esta actividad, seleccione un instrumento y empiece a mover la tablet, a trav\u00e9s del movimiento se empezar\u00e1n a reproducir notas musicales del instrumento seleccionado, realice esta actividad con m\u00e1s tablets a la vez seleccionando distintos instrumentos para crear una gran orquestra en el interior de la sala multisensorial y prep\u00e1rese para un momento de lo m\u00e1s divertido.<br \/>\nCon el mismo movimiento de la tablet los elementos interactivos DOIT que est\u00e9n activados cambiaran de color mientras exista el movimiento de la tablet, fomenta la interactuaci\u00f3n y la relaci\u00f3n causa-efecto.<\/p><\/div>[\/vc_column][vc_column width=\u00bb1\/2&#8243;]<style>.ld_spacer_69d72f26d60ab{height:32px;}<\/style>\n<div class=\"ld-empty-space ld_spacer_69d72f26d60ab\"><\/div>[vc_media_grid item=\u00bbmasonryMedia_Default\u00bb grid_id=\u00bbvc_gid:1761781648573-8eb535a0-8807-5&#8243; include=\u00bb5836,5837,5838,5839,5840,5841,5842,5843,5844&#8243;]<style>.ld_fancy_heading_69d72f26d6329 p{color:rgb(0, 0, 0);}.ld_fancy_heading_69d72f26d6329 .lqd-highlight-inner{height:0.275em!important;bottom:0px!important;}<\/style><div class=\"ld-fancy-heading ld_fancy_heading_69d72f26d6329\">\n\t<p class=\"ld-fh-element lqd-highlight-underline lqd-highlight-grow-left text-decoration-default\"   >  <strong>ADIVINA EL AROMA.<\/strong><\/p>\n<p>Para esta actividad es necesario disponer de nuestro sistema de aromaterapia interactivo DOIT, introduzca en el equipo de aromaterapia las esencias correspondientes al ejercicio, el usuario desde una tablet o desde la pantalla t\u00e1ctil seleccionar\u00e1 la actividad y le aparecer\u00e1n cuatro frutas, el equipo de aromaterapia empezar\u00e1 a difundir uno de los cuatro aromas y el usuario deber\u00e1 adivinar cual de ellos \u00e9s.<\/p>\n<p>Adem\u00e1s contiene otras actividades como:<\/p>\n<ul>\n<li>\n<ul>\n<li><strong>Adivina el nombre.<\/strong><\/li>\n<li><strong>Memoria de cartas.<\/strong><\/li>\n<li><strong>Adivina el aroma.<\/strong><\/li>\n<li><strong>Se\u00f1ala el diferente.<\/strong><\/li>\n<li><strong>Relaciona formas.<\/strong><\/li>\n<li><strong>Busca los objetos.<\/strong><\/li>\n<li><strong>Suma de objetos.<\/strong><\/li>\n<li><strong>Qu\u00e9 imagen has visto.<\/strong><\/li>\n<\/ul>\n<\/li>\n<\/ul>\n<p>Y muchas m\u00e1s\u2026<\/p>\n<p>Es especialmente relevante la facilidad y r\u00e1pida adaptaci\u00f3n al manejo de la consola de actividades sensoriales.<\/p>\n<p>Ha sido dise\u00f1ada con men\u00fas f\u00e1ciles e intuitivos para facilitar su uso.<\/p>\n<p>Solic\u00edtenos una demostraci\u00f3n gratuita del funcionamiento de la consola DOIT, le podemos realizar una demostraci\u00f3n para que vea todo su potencial, contacte con nuestros expertos para que le ayuden y le contar\u00e1n su f\u00e1cil uso. Contacte con nosotros!<\/p>\n<p><strong>REALICE DECENAS DE ACTIVIDADES COGNITIVAS CON NUESTRA GRAN PANTALLA T\u00c1CTIL<\/strong><\/p>\n<p>M\u00c1S INFORMACI\u00d3N:<\/p>\n<p>Puedes pedir un presupuesto sin compromiso, en primer lugar, te rogamos que seas tan amable de llenar nuestro breve cuestionario en la secci\u00f3n de Contacto para que te enviemos la informaci\u00f3n necesaria<\/p><\/div>[\/vc_column][\/vc_row][vc_row gap=\u00bb20&#8243; content_placement=\u00bbmiddle\u00bb css=\u00bb.vc_custom_1717644471162{padding-top: 20px !important;padding-bottom: 20px !important;background-position: center !important;background-repeat: no-repeat !important;background-size: cover !important;}\u00bb][vc_column width=\u00bb1\/2&#8243;]<style>.ld_fancy_heading_69d72f26d6803 h1{color:rgb(0, 0, 0);}.ld_fancy_heading_69d72f26d6803 h1 {font-size:30px; } .ld_fancy_heading_69d72f26d6803 .lqd-highlight-inner{height:0.275em!important;bottom:0px!important;}.ld_fancy_heading_69d72f26d6803 h1 {font-size:30px; } <\/style><div class=\"ld-fancy-heading ld_fancy_heading_69d72f26d6803\">\n\t<h1 class=\"ld-fh-element lqd-highlight-underline lqd-highlight-grow-left text-decoration-default\"   >  TABLET<\/h1><\/div><style>.ld_fancy_heading_69d72f26d6ad8 p{color:rgb(0, 0, 0);}.ld_fancy_heading_69d72f26d6ad8 .lqd-highlight-inner{height:0.275em!important;bottom:0px!important;}<\/style><div class=\"ld-fancy-heading ld_fancy_heading_69d72f26d6ad8\">\n\t<p class=\"ld-fh-element lqd-highlight-underline lqd-highlight-grow-left text-decoration-default\"   >  Tablet con la APP Doit Remote Control, descarga la APP en la Tablet y tendr\u00e1s control de tu sala atreves de la DOIT CONSOLE<\/p>\n<p>La Tablet es un excelente elemento que complementa a la Consola DOIT, Con ella podr\u00e1s\u00a0 interactuar con la Consola y manejar sus m\u00faltiples actividades.<\/p>\n<div class=\"avia_textblock \">\n<p><strong>DOIT CONSOLE<\/strong>\u00a0 es una herramienta de gran valor ya que podr\u00e1 interactuar con los elementos de su sala y fomentar la comunicaci\u00f3n y relaci\u00f3n de una forma divertida y simple<\/div>\n<p>Pueden trabajar con las actividades tantas personas como quieran utilizando cada una su dispositivo (tablets, smartpone, etc.).<\/p>\n<p>Con la DOIT CONSOLE usted podr\u00e1 controlar todos los elementos de la\u00a0<strong>sala multisensorial<\/strong>\u00a0con cualquier smartphone, tablet u ordenador.<\/p>\n<p>Conectando la consola a un proyector de im\u00e1genes podr\u00e1 disfrutar de los v\u00eddeos relajantes que incorpora as\u00ed como m\u00fasica para la <strong>sala multisensorial<\/strong>.<\/p>\n<p>Pero la consola no acaba aqu\u00ed, ya que igualmente cualquier usuario de la sala puede interactuar con los elementos a trav\u00e9s de una controlador, puesto que:<\/p>\n<p>Tambi\u00e9n posee un apartado de actividades sensoriales donde combinando cualquiera de nuestros comunicadores DOIT o una Tablet podemos realizar m\u00faltiples actividades a trav\u00e9s del proyector.<\/p>\n<div class=\"avia_textblock \">\n<p>M\u00c1S INFORMACI\u00d3N:<\/p>\n<p>Puedes pedir un presupuesto sin compromiso, en primer lugar, te rogamos que seas tan amable de llenar nuestro breve cuestionario en la secci\u00f3n de Contacto para que te enviemos la informaci\u00f3n necesaria.<\/p><\/div>\n<p><\/p><\/div>[\/vc_column][vc_column width=\u00bb1\/2&#8243;]<style>.ld_spacer_69d72f26d6daa{height:32px;}<\/style>\n<div class=\"ld-empty-space ld_spacer_69d72f26d6daa\"><\/div>[vc_media_grid element_width=\u00bb6&#8243; item=\u00bbmasonryMedia_Default\u00bb grid_id=\u00bbvc_gid:1761781648584-d09d3d91-52c2-9&#8243; include=\u00bb5855,5856,5857,5858,5859,5860,5861,5862&#8243;][\/vc_column][\/vc_row][vc_row enable_content_animation=\u00bbyes\u00bb animation_preset=\u00bbFade In Right\u00bb parallax_content=\u00bbparallax_content_value\u00bb parallax_content_sense=\u00bb60&#8243; ca_duration=\u00bb1600&#8243; ca_delay=\u00bb160&#8243; el_id=\u00bbdownload\u00bb css=\u00bb.vc_custom_1717644901131{padding-top: 50px !important;padding-bottom: 50px !important;background-image: url(https:\/\/susistemapruebas.com\/grapi\/wp-content\/uploads\/2024\/06\/portada_sube-1536&#215;768-1-1500&#215;750-1.jpg?id=5867) !important;}\u00bb][vc_column css=\u00bb.vc_custom_1610378810132{padding-top: 60px !important;padding-right: 15px !important;padding-bottom: 60px !important;padding-left: 15px !important;border-radius: 5px !important;}\u00bb responsive_css=\u00bbpadding_right_medium:70px|padding_left_medium:70px|padding_right_small:20px|padding_left_small:20px\u00bb][vc_row_inner content_placement=\u00bbmiddle\u00bb][vc_column_inner width=\u00bb2\/3&#8243; responsive_align=\u00bbtext-center\u00bb responsive_css=\u00bbmargin_bottom_small:0px\u00bb css=\u00bb.vc_custom_1610378804362{margin-bottom: 20px !important;}\u00bb offset=\u00bbvc_col-md-offset-2&#8243;]<style>.ld_fancy_heading_69d72f26d700b h2{color:rgb(255, 255, 255);}.ld_fancy_heading_69d72f26d700b h2 {font-size:46px; } .ld_fancy_heading_69d72f26d700b h2 {margin-bottom:0.15em !important;  } .ld_fancy_heading_69d72f26d700b .lqd-highlight-inner{height:0.3em!important;bottom:5px!important;background:rgba(57, 107, 255, 0.15)!important;}.ld_fancy_heading_69d72f26d700b h2 {font-size:46px; } .ld_fancy_heading_69d72f26d700b h2 {margin-bottom:0.15em !important;  } <\/style><div class=\"ld-fancy-heading ld_fancy_heading_69d72f26d700b\">\n\t<h2 class=\"ld-fh-element lqd-highlight-underline lqd-highlight-grow-left text-decoration-default\"  data-inview=\"true\" data-transition-delay=\"true\" data-delay-options=\"{&quot;elements&quot;:&quot;.lqd-highlight-inner&quot;,&quot;delayType&quot;:&quot;transition&quot;}\"  >  \u00abEL UNICO MODO DE HACER UN GRAN TRABAJO ES AMAR LO QUE HACES\u00bb<\/p>\n<p><mark class=\"lqd-highlight\"><span class=\"lqd-highlight-txt\"  > Steve Jobs.<\/span><span class=\"lqd-highlight-inner\"><svg class=\"lqd-highlight-brush-svg\" xmlns=\"http:\/\/www.w3.org\/2000\/svg\" width=\"235.509\" height=\"13.504\" viewBox=\"0 0 235.509 13.504\" aria-hidden=\"true\" preserveAspectRatio=\"none\"><path d=\"M163,.383a13.044,13.044,0,0,1,1.517-.072,3.528,3.528,0,0,1,1.237-.134q.618.044,1.237.044a.249.249,0,0,1-.1.178.337.337,0,0,0-.1.266q3.092.088,6.184-.044T178.953.4l-.206-.088a12,12,0,0,0,4.123,0,13.467,13.467,0,0,1,5.772,0q1.443-.178,2.68-.266A5.978,5.978,0,0,1,193.8.4,16.707,16.707,0,0,1,198.01.045q2.164.088,4.844.088-.618.088-.824.134L201.412.4a3.893,3.893,0,0,0,2.061,0,5.413,5.413,0,0,1,1.649-.356q.618.088,1.134.178a9.762,9.762,0,0,0,1.544.09,17,17,0,0,1,3.092-.266q1.649,0,3.5.178,2.886.088,5.875.044t5.875-.222q0,.088.206.088h.412a21.975,21.975,0,0,0,2.577.889A12.458,12.458,0,0,1,232.12,2.18a3.962,3.962,0,0,1,1.031.622A3.349,3.349,0,0,1,234.8,3.825a5.079,5.079,0,0,1,.618,1.111q.412.534-1.031.98-1.031.444-.618.98a2.09,2.09,0,0,1,.206.889q0,.444.825.889.618.8-.206,1.245l-1.237.534q-1.443-.088-2.68-.134a17.255,17.255,0,0,1-2.267-.222,3.128,3.128,0,0,0-.928-.044,3.129,3.129,0,0,1-.928-.044q-2.267-.178-4.432-.266T217.7,9.476q-1.649-.088-2.886-.088a17.343,17.343,0,0,1-2.474-.178q-3.916,0-7.73-.088t-7.73-.266l-12.471-.178q-6.287-.088-12.883-.088h-1.958q-.928,0-1.958.088h-2.061q-1.031,0-2.061-.088-2.68-.088-5.256-.134t-5.256.044h-5.462q-2.577,0-5.462.088-4.535.088-8.76.178t-8.554.088q-2.886.088-5.875.088t-5.875.088q-1.443.088-2.886.134t-3.092.044q-4.741.178-9.791.312t-9.791.312q-2.267.088-4.329.088T78.77,10.1q-4.329.266-8.863.49t-9.276.49q-1.237.088-2.68.134a24.356,24.356,0,0,0-2.683.224q-2.68.178-5.462.312t-5.668.4q-2.474.266-4.741.312t-4.741.044q-1.031-.088-1.958-.134a9.684,9.684,0,0,1-1.958-.312,12.5,12.5,0,0,0-1.443-.312q-.825-.134-1.856-.31-2.886.356-6.39.666t-6.8.845a26.709,26.709,0,0,1-2.886.356,20.758,20.758,0,0,1-9.482-.889Q.232,11.962.026,11.25T1.263,9.917q0-.266.825-.266a13.039,13.039,0,0,0,2.886-.444A17.187,17.187,0,0,1,7.86,8.672q3.092-.266,6.184-.8,1.649-.178,3.3-.312t3.5-.312q4.123-.354,8.039-.712t8.039-.622q9.478-.8,18.758-1.338,2.68-.178,5.153-.356t4.741-.356q2.474-.178,5.05-.356T75.88,3.24h1.34a4.829,4.829,0,0,0,1.34-.178q2.267-.178,4.329-.222t4.329-.134a7.256,7.256,0,0,1,2.267,0,3.459,3.459,0,0,0,1.031-.088,6.009,6.009,0,0,1,2.37-.266,14.745,14.745,0,0,0,2.783-.088q1.649,0,2.474.088a1.308,1.308,0,0,1,.185.011,1.226,1.226,0,0,1,.33-.1,3.656,3.656,0,0,0,.515-.088,4.433,4.433,0,0,1,2.886.266q.412-.088,1.031-.178l1.237-.178q.412,0,1.031.044a5.761,5.761,0,0,0,1.237-.044q2.886-.088,5.772-.044a53.829,53.829,0,0,0,5.772-.222,9.505,9.505,0,0,1,1.34-.088h1.34a4.428,4.428,0,0,1,.821-.258l.825-.178a15.178,15.178,0,0,1,1.855.444,3.028,3.028,0,0,1,1.031-.534,4.039,4.039,0,0,1,1.443-.178,6.158,6.158,0,0,1,1.649.178,5.05,5.05,0,0,0,2.267.268q1.855-.088,3.813-.134T138.13,1.2q1.031,0,2.164-.044t2.37-.044q-.206-.088.412-.534h3.092q.412,0,.309.266t.928,0a5.845,5.845,0,0,1,1.443,0,31.833,31.833,0,0,0,5.359.088,21.471,21.471,0,0,1,6.8.178,5.236,5.236,0,0,0,1.031-.4q.412-.222.825-.4a.694.694,0,0,1,.137.07Z\" transform=\"translate(0 0.002)\"\/><\/svg><\/span><\/mark><\/h2><\/div><style>.ld_spacer_69d72f26d773c{height:18px;}<\/style>\n<div class=\"ld-empty-space ld_spacer_69d72f26d773c\"><\/div><style>.ld_spacer_69d72f26d783d{height:18px;}<\/style>\n<div class=\"ld-empty-space ld_spacer_69d72f26d783d\"><\/div>[\/vc_column_inner][\/vc_row_inner][\/vc_column][\/vc_row][vc_row][vc_column][\/vc_column][\/vc_row]<\/p>\n","protected":false},"excerpt":{"rendered":"<p>[vc_row css=\u00bb.vc_custom_1717610396110{padding-top: 50px !important;padding-bottom: 50px !important;background-image: url(https:\/\/susistemapruebas.com\/grapi\/wp-content\/uploads\/2024\/06\/encabezados.webp?id=5470) !important;background-position: center !important;background-repeat: no-repeat !important;background-size: cover !important;}\u00bb][vc_column][\/vc_column][\/vc_row][vc_row content_placement=\u00bbmiddle\u00bb responsive_css=\u00bbpadding_top_medium:40px|padding_bottom_medium:80px|padding_bottom_small:50px\u00bb css=\u00bb.vc_custom_1658178667413{background-color: #ffffff !important;}\u00bb][vc_column enable_content_animation=\u00bbyes\u00bb ca_init_scale_x=\u00bb1&#8243; ca_init_scale_y=\u00bb1&#8243; ca_init_opacity=\u00bb0&#8243; ca_an_scale_x=\u00bb1&#8243; ca_an_scale_y=\u00bb1&#8243; ca_an_opacity=\u00bb1&#8243; align=\u00bbtext-center\u00bb offset=\u00bbvc_col-md-offset-3 vc_col-md-6&#8243; responsive_css=\u00bbpadding_right_medium:5%25|padding_left_medium:5%25&#8243; ca_duration=\u00bb1800&#8243; ca_delay=\u00bb180&#8243; ca_init_translate_y=\u00bb35&#8243; responsive_align=\u00bbtext-center\u00bb css=\u00bb.vc_custom_1658178845054{margin-top: 50px !important;}\u00bb][\/vc_column][\/vc_row][vc_row][vc_column][\/vc_column][\/vc_row][vc_row content_placement=\u00bbmiddle\u00bb css=\u00bb.vc_custom_1717643159654{padding-top: 20px !important;padding-bottom: 20px !important;background-color: #b695c0 !important;}\u00bb][vc_column width=\u00bb1\/2&#8243;][\/vc_column][vc_column width=\u00bb1\/2&#8243;][vc_media_grid element_width=\u00bb6&#8243; item=\u00bbmasonryMedia_Default\u00bb grid_id=\u00bbvc_gid:1761781648558-9ac153bb-a7da-8&#8243; include=\u00bb9191,9193,9194,9196&#8243;][vc_video link=\u00bbhttps:\/\/youtu.be\/bS1nzkxEeaQ?si=UFIzhtKrFm3x-sCG\u00bb][\/vc_column][\/vc_row][vc_row css=\u00bb.vc_custom_1717643939213{padding-top: 20px !important;padding-bottom: [&hellip;]<\/p>\n","protected":false},"author":1,"featured_media":0,"parent":0,"menu_order":0,"comment_status":"closed","ping_status":"closed","template":"","meta":{"footnotes":""},"class_list":["post-742","page","type-page","status-publish","hentry"],"_links":{"self":[{"href":"https:\/\/susistemapruebas.com\/grapi\/wp-json\/wp\/v2\/pages\/742","targetHints":{"allow":["GET"]}}],"collection":[{"href":"https:\/\/susistemapruebas.com\/grapi\/wp-json\/wp\/v2\/pages"}],"about":[{"href":"https:\/\/susistemapruebas.com\/grapi\/wp-json\/wp\/v2\/types\/page"}],"author":[{"embeddable":true,"href":"https:\/\/susistemapruebas.com\/grapi\/wp-json\/wp\/v2\/users\/1"}],"replies":[{"embeddable":true,"href":"https:\/\/susistemapruebas.com\/grapi\/wp-json\/wp\/v2\/comments?post=742"}],"version-history":[{"count":35,"href":"https:\/\/susistemapruebas.com\/grapi\/wp-json\/wp\/v2\/pages\/742\/revisions"}],"predecessor-version":[{"id":9389,"href":"https:\/\/susistemapruebas.com\/grapi\/wp-json\/wp\/v2\/pages\/742\/revisions\/9389"}],"wp:attachment":[{"href":"https:\/\/susistemapruebas.com\/grapi\/wp-json\/wp\/v2\/media?parent=742"}],"curies":[{"name":"wp","href":"https:\/\/api.w.org\/{rel}","templated":true}]}}