{"id":4912,"date":"2021-11-03T17:52:23","date_gmt":"2021-11-03T17:52:23","guid":{"rendered":"https:\/\/www.grupoorthos.com.mx\/?page_id=2168"},"modified":"2024-06-06T17:45:44","modified_gmt":"2024-06-06T17:45:44","slug":"cuarto-sensorial","status":"publish","type":"page","link":"https:\/\/susistemapruebas.com\/grapi\/cuarto-sensorial\/","title":{"rendered":"Cuarto Sensorial"},"content":{"rendered":"<p>[vc_row css=\u00bb.vc_custom_1717610396110{padding-top: 50px !important;padding-bottom: 50px !important;background-image: url(https:\/\/susistemapruebas.com\/grapi\/wp-content\/uploads\/2024\/06\/encabezados.webp?id=5470) !important;background-position: center !important;background-repeat: no-repeat !important;background-size: cover !important;}\u00bb][vc_column]<style>.ld_fancy_heading_69d7446977706 h1{color:rgb(255, 255, 255);}.ld_fancy_heading_69d7446977706 .lqd-highlight-inner{height:0.275em!important;bottom:0px!important;}<\/style><div class=\"ld-fancy-heading ld_fancy_heading_69d7446977706\">\n\t<h1 class=\"ld-fh-element lqd-highlight-underline lqd-highlight-grow-left text-decoration-default\"   >  CUARTO SENSORIAL SNOEZELEN<\/h1><\/div>[\/vc_column][\/vc_row][vc_row css=\u00bb.vc_custom_1717636247911{padding-top: 30px !important;padding-bottom: 30px !important;}\u00bb][vc_column width=\u00bb1\/2&#8243;][vc_video link=\u00bbhttps:\/\/youtu.be\/RKcwRu98s2w?si=cSeyJbm_kLW6ruHY\u00bb][\/vc_column][vc_column width=\u00bb1\/2&#8243;][vc_video link=\u00bbhttps:\/\/youtu.be\/qzucM36nAbU?si=f1eNUOxJcz3rJAK7&#8243;][\/vc_column][\/vc_row][vc_row content_placement=\u00bbmiddle\u00bb css=\u00bb.vc_custom_1717636311764{padding-top: 30px !important;padding-bottom: 30px !important;background-color: #dac9df !important;}\u00bb][vc_column width=\u00bb1\/2&#8243;]<style>.ld_fancy_heading_69d74469779e2 h3{color:rgb(0, 0, 0);}.ld_fancy_heading_69d74469779e2 .lqd-highlight-inner{height:0.275em!important;bottom:0px!important;}<\/style><div class=\"ld-fancy-heading ld_fancy_heading_69d74469779e2\">\n\t<h3 class=\"ld-fh-element lqd-highlight-underline lqd-highlight-grow-left text-decoration-default\"   >  Cuarto Sensorial<\/h3><\/div>[vc_column_text]Las\u00a0<strong>salas<\/strong>\u00a0multisensoriales\u00a0<strong>Snoezelen<\/strong>\u00a0son espacios interactivos dise\u00f1ados para estimular los sentidos, con el objetivo de mejorar la calidad de vida de personas con discapacidad y personas mayores con deterioro cognitivo severo o demencia, que tienen afectadas las capacidades motoras y neurol\u00f3gicas.<\/p>\n<p>Los cuartos sensoriales tambi\u00e9n conocidos como:<\/p>\n<ul>\n<li>C\u00c1MARA DE ESTIMULACI\u00d3N SNOEZELEN<\/li>\n<li>SALA MULTISENSORIAL SNOEZELEN<\/li>\n<li>CUARTOS DE ESTIMULACI\u00d3N SENSORIAL<\/li>\n<li>SALA DE ESTIMULACI\u00d3N SENSORIAL Y NEUROL\u00d3GICA,<\/li>\n<li>CUARTO MULTISENSORIAL<\/li>\n<li>SALA SNOEZELEN Etc.<\/li>\n<\/ul>\n<p>En mundo Sensorial queremos ayudar a ni\u00f1os y adultos que tienen afectaciones motoras y neurol\u00f3gicas, con la mejor tecnolog\u00eda que existe en el mercado.[\/vc_column_text][\/vc_column][vc_column width=\u00bb1\/2&#8243;][vc_single_image image=\u00bb5800&#8243;][\/vc_column][\/vc_row][vc_row content_placement=\u00bbmiddle\u00bb css=\u00bb.vc_custom_1717636914352{padding-top: 30px !important;padding-bottom: 30px !important;background-color: #9ce0db !important;}\u00bb][vc_column width=\u00bb1\/2&#8243;]<style>.ld_fancy_heading_69d7446977b82 h3{color:rgb(0, 0, 0);}.ld_fancy_heading_69d7446977b82 .lqd-highlight-inner{height:0.275em!important;bottom:0px!important;}<\/style><div class=\"ld-fancy-heading ld_fancy_heading_69d7446977b82\">\n\t<h3 class=\"ld-fh-element lqd-highlight-underline lqd-highlight-grow-left text-decoration-default\"   >  Espacios Multisensoriales<\/h3><\/div>[vc_column_text]Los espacios sensoriales son salas agradables, accesibles f\u00edsica y cognitivamente, donde se dispone de diversos est\u00edmulos para los diferentes sentidos. En una\u00a0<strong>sala<\/strong>\u00a0multisensorial encontramos est\u00edmulos controlados como: luces, m\u00fasica, objetos, texturas, im\u00e1genes, sonidos, aromas, vibraci\u00f3n, etc.<\/p>\n<p>Las\u00a0salas\u00a0multisensoriales permiten experimentar est\u00edmulos muy primarios a trav\u00e9s de elementos de gran versatilidad, como por ejemplo: el tubo de burbujas, la fibra \u00f3ptica, la cama de agua, la piscina de bolas, los columpios, los elementos vibro-ac\u00fasticos o las proyecciones.[\/vc_column_text][\/vc_column][vc_column width=\u00bb1\/2&#8243;][vc_single_image image=\u00bb5809&#8243;][\/vc_column][\/vc_row][vc_row content_placement=\u00bbmiddle\u00bb css=\u00bb.vc_custom_1717636921188{padding-top: 30px !important;padding-bottom: 30px !important;background-color: #dac9df !important;}\u00bb][vc_column width=\u00bb1\/2&#8243;]<style>.ld_fancy_heading_69d7446977d46 h3{color:rgb(0, 0, 0);}.ld_fancy_heading_69d7446977d46 .lqd-highlight-inner{height:0.275em!important;bottom:0px!important;}<\/style><div class=\"ld-fancy-heading ld_fancy_heading_69d7446977d46\">\n\t<h3 class=\"ld-fh-element lqd-highlight-underline lqd-highlight-grow-left text-decoration-default\"   >  Aula Multisensoriales<\/h3><\/div>[vc_column_text]Este espacio ayuda a interactuar con el medio, y conciencia al sujeto de la influencia que puede tener en lo que sucede a su alrededor. En este espacio es b\u00e1sico el uso de pulsadores, interruptores y paneles t\u00e1ctiles, que ayudan tambi\u00e9n a la motricidad y al desarrollo del tacto.<\/p>\n<p>Opciones en una Aula Multisensorial<\/p>\n<p>&#8211; El terapeuta \/ Docente puede crear sus sesiones de estimulaci\u00f3n sensorial considerando cada uno de los usuarios.<br \/>\n&#8211; Podr\u00e1 activar los elementos que prefiera en un momento determinado dirigiendo actividades dentro del aula multisensorial.<br \/>\n&#8211; se realizaran distintas actividades a nivel educativo contemplando la materia de matem\u00e1ticas y espa\u00f1ol (lenguaje).<\/p>\n<p>Los resultados del trabajo de estimulaci\u00f3n en los espacios SENSORIALES corroborados por la literatura cient\u00edfica en personas con distinto grado de\u00a0 discapacidad intelectual, se pueden agrupar en los siguientes apartados:<br \/>\n\u2013 Aumento de la capacidad de atenci\u00f3n a diversos est\u00edmulos t\u00e1ctiles, propioceptivos, vestibulares, visuales y auditivos.<br \/>\n\u2013 Descensos en conductas disruptivas, en los niveles de agresividad hacia s\u00ed mismo o hacia los otros y en los movimientos estereotipados.<br \/>\n\u2013 Ampliaci\u00f3n del repertorio de respuestas comunicativas positivas, tales como aumentos en fijaciones y seguimientos visuales y auditivos; mayor n\u00famero de vocalizaciones, de sonrisas y risas y de gestos para demandar interacciones.[\/vc_column_text][\/vc_column][vc_column width=\u00bb1\/2&#8243;][vc_single_image image=\u00bb5810&#8243;][\/vc_column][\/vc_row][vc_row content_placement=\u00bbmiddle\u00bb css=\u00bb.vc_custom_1717636927675{padding-top: 30px !important;padding-bottom: 30px !important;}\u00bb][vc_column width=\u00bb1\/2&#8243;]<style>.ld_fancy_heading_69d7446977ee3 h3{color:rgb(0, 0, 0);}.ld_fancy_heading_69d7446977ee3 .lqd-highlight-inner{height:0.275em!important;bottom:0px!important;}<\/style><div class=\"ld-fancy-heading ld_fancy_heading_69d7446977ee3\">\n\t<h3 class=\"ld-fh-element lqd-highlight-underline lqd-highlight-grow-left text-decoration-default\"   >  Estimulaci\u00f3n Sensorial en ni\u00f1os con Sindrome de Down<\/h3><\/div>[vc_column_text]<\/p>\n<p><strong>La estimulaci\u00f3n sensorial y sus Beneficios en la Educaci\u00f3n Infantil:<\/strong><\/p>\n<ul>\n<li>Aumenta la curiosidad, atenci\u00f3n, concentraci\u00f3n y el deseo por el aprendizaje.<\/li>\n<li>Promueve el pensamiento l\u00f3gico.<\/li>\n<li>Estimula la comunicaci\u00f3n no verbal.<\/li>\n<li>Desarrolla las relaciones positivas con otros ni\u00f1os y adultos.<\/li>\n<li>Mejora el aprendizaje en el futuro.<\/li>\n<\/ul>\n<p>Algunos aspectos para considerar en la Estimulaci\u00f3n Sensorial<\/p>\n<ul>\n<li>Con un buen diagn\u00f3stico se facilita la realizaci\u00f3n de ejercicios de estimulaci\u00f3n sensorial que ayuden al incremento de habilidades en todas las \u00e1reas del desarrollo del ni\u00f1o con s\u00edndrome de Down.<\/li>\n<li>La estimulaci\u00f3n sensorial es muy importante en el desarrollo psicomotriz de 0 a 1 a\u00f1o en el ni\u00f1o con s\u00edndrome de Down ya que los est\u00edmulos brindados actuaran a nivel de la corteza provocando una mayor mielinizaci\u00f3n y as\u00ed la madurez del sistema nervioso que se refleja en el resultado del pos test.<\/li>\n<li>La repetici\u00f3n de movimiento, el control del tono muscular, fuerza motriz por tanto la posici\u00f3n, el equilibrio, la atenci\u00f3n y el grado de afectividad son aspectos fundamentales para el desarrollo psicomotriz en el ni\u00f1o con s\u00edndrome de Down.<\/li>\n<li>La atenci\u00f3n es uno de los principales factores cognitivos del cual depende para que se d\u00e9 la adquisici\u00f3n de otras destrezas las cuales ir\u00e1n consolid\u00e1ndose desde el conocimiento del esquema corporal hacia el progreso de funciones b\u00e1sicas que permitan el desarrollo de funciones superiores<\/li>\n<li>Al dise\u00f1ar ejercicios de estimulaci\u00f3n sensorial enfocados a las necesidades, entorno y edades de desarrollo lograremos una mejor calidad de vida en los ni\u00f1os con s\u00edndrome de Down para que en edades posteriores incrementen su capacidad de aprendizaje y as\u00ed se inserte a la sociedad como un ente productivo.<\/li>\n<\/ul>\n<p>[\/vc_column_text][\/vc_column][vc_column width=\u00bb1\/2&#8243;][vc_single_image image=\u00bb5811&#8243;][vc_single_image image=\u00bb5681&#8243;][\/vc_column][\/vc_row]<\/p>\n","protected":false},"excerpt":{"rendered":"<p>[vc_row css=\u00bb.vc_custom_1717610396110{padding-top: 50px !important;padding-bottom: 50px !important;background-image: url(https:\/\/susistemapruebas.com\/grapi\/wp-content\/uploads\/2024\/06\/encabezados.webp?id=5470) !important;background-position: center !important;background-repeat: no-repeat !important;background-size: cover !important;}\u00bb][vc_column][\/vc_column][\/vc_row][vc_row css=\u00bb.vc_custom_1717636247911{padding-top: 30px !important;padding-bottom: 30px !important;}\u00bb][vc_column width=\u00bb1\/2&#8243;][vc_video link=\u00bbhttps:\/\/youtu.be\/RKcwRu98s2w?si=cSeyJbm_kLW6ruHY\u00bb][\/vc_column][vc_column width=\u00bb1\/2&#8243;][vc_video link=\u00bbhttps:\/\/youtu.be\/qzucM36nAbU?si=f1eNUOxJcz3rJAK7&#8243;][\/vc_column][\/vc_row][vc_row content_placement=\u00bbmiddle\u00bb css=\u00bb.vc_custom_1717636311764{padding-top: 30px !important;padding-bottom: 30px !important;background-color: #dac9df !important;}\u00bb][vc_column width=\u00bb1\/2&#8243;][vc_column_text]Las\u00a0salas\u00a0multisensoriales\u00a0Snoezelen\u00a0son espacios interactivos dise\u00f1ados para estimular los sentidos, con el objetivo de mejorar la calidad de vida de personas con discapacidad y personas mayores [&hellip;]<\/p>\n","protected":false},"author":1,"featured_media":0,"parent":0,"menu_order":0,"comment_status":"closed","ping_status":"closed","template":"","meta":{"footnotes":""},"class_list":["post-4912","page","type-page","status-publish","hentry"],"_links":{"self":[{"href":"https:\/\/susistemapruebas.com\/grapi\/wp-json\/wp\/v2\/pages\/4912","targetHints":{"allow":["GET"]}}],"collection":[{"href":"https:\/\/susistemapruebas.com\/grapi\/wp-json\/wp\/v2\/pages"}],"about":[{"href":"https:\/\/susistemapruebas.com\/grapi\/wp-json\/wp\/v2\/types\/page"}],"author":[{"embeddable":true,"href":"https:\/\/susistemapruebas.com\/grapi\/wp-json\/wp\/v2\/users\/1"}],"replies":[{"embeddable":true,"href":"https:\/\/susistemapruebas.com\/grapi\/wp-json\/wp\/v2\/comments?post=4912"}],"version-history":[{"count":17,"href":"https:\/\/susistemapruebas.com\/grapi\/wp-json\/wp\/v2\/pages\/4912\/revisions"}],"predecessor-version":[{"id":5913,"href":"https:\/\/susistemapruebas.com\/grapi\/wp-json\/wp\/v2\/pages\/4912\/revisions\/5913"}],"wp:attachment":[{"href":"https:\/\/susistemapruebas.com\/grapi\/wp-json\/wp\/v2\/media?parent=4912"}],"curies":[{"name":"wp","href":"https:\/\/api.w.org\/{rel}","templated":true}]}}