{"id":4904,"date":"2021-06-01T18:01:36","date_gmt":"2021-06-01T18:01:36","guid":{"rendered":"https:\/\/www.grupoorthos.com.mx\/?page_id=1363"},"modified":"2025-06-07T00:51:18","modified_gmt":"2025-06-07T00:51:18","slug":"ultimos-proyectos","status":"publish","type":"page","link":"https:\/\/susistemapruebas.com\/grapi\/ultimos-proyectos\/","title":{"rendered":"\u00daltimos Proyectos"},"content":{"rendered":"<p>[vc_row css=\u00bb.vc_custom_1717610396110{padding-top: 50px !important;padding-bottom: 50px !important;background-image: url(https:\/\/susistemapruebas.com\/grapi\/wp-content\/uploads\/2024\/06\/encabezados.webp?id=5470) !important;background-position: center !important;background-repeat: no-repeat !important;background-size: cover !important;}\u00bb][vc_column]<style>.ld_fancy_heading_69d72f270250e h1{color:rgb(255, 255, 255);}.ld_fancy_heading_69d72f270250e .lqd-highlight-inner{height:0.275em!important;bottom:0px!important;}<\/style><div class=\"ld-fancy-heading ld_fancy_heading_69d72f270250e\">\n\t<h1 class=\"ld-fh-element lqd-highlight-underline lqd-highlight-grow-left text-decoration-default\"   >  Nuestros Proyectos<\/h1><\/div>[\/vc_column][\/vc_row][vc_row css=\u00bb.vc_custom_1717613999384{padding-top: 30px !important;padding-bottom: 30px !important;}\u00bb][vc_column]<style>.ld_fancy_heading_69d72f27029b9 .lqd-highlight-inner{height:0.275em!important;bottom:0px!important;}<\/style><div class=\"ld-fancy-heading ld_fancy_heading_69d72f27029b9\">\n\t<p class=\"ld-fh-element lqd-highlight-underline lqd-highlight-grow-left text-decoration-default\"   >  Cada proyecto de ESPACIO SENSORIAL\u00a0 esta pensado para generar una experiencia enriquecedora y adaptada a las necesidades del usuario. Es m\u00e1s que un conjunto de elementos f\u00edsicos; es una oportunidad para mejorar el bienestar, fomentar la relajaci\u00f3n o estimular la percepci\u00f3n sensorial de manera positiva.<\/p>\n<p>Finalizar un proyecto y verlo convertido en un caso de \u00e9xito es una de las sensaciones m\u00e1s gratificantes para todo el EQUIPO ORTHOS. No solo refleja el esfuerzo, la dedicaci\u00f3n y el ingenio invertidos, sino que tambi\u00e9n demuestra la capacidad de superar desaf\u00edos y alcanzar metas. Es la culminaci\u00f3n de trabajo en equipo, planificaci\u00f3n estrat\u00e9gica y aprendizaje continuo.<\/p>\n<p>Adem\u00e1s, en ORTHOS el reconocimiento de un proyecto exitoso nos genera confianza, nuevas oportunidades y motivaci\u00f3n para seguir innovando. En ORTHOS cada logro nos impulsa la creatividad y el deseo de seguir sirviendo.<\/p><\/div><style>.ld_button_69d72f2702cd0.btn-icon-solid .btn-icon{background:rgb(255, 0, 0);}.ld_button_69d72f2702cd0.btn-icon-circle.btn-icon-ripple .btn-icon:before{border-color:rgb(255, 0, 0);}.ld_button_69d72f2702cd0{background-color:rgb(255, 0, 0);border-color:rgb(255, 0, 0);}.ld_button_69d72f2702cd0 .btn-gradient-border defs stop:first-child{stop-color:rgb(255, 0, 0);}.ld_button_69d72f2702cd0 .btn-gradient-border defs stop:last-child{stop-color:rgb(255, 0, 0);}<\/style><a href=\"https:\/\/susistemapruebas.com\/grapi\/contacto\/\" title=\"Contacto\" class=\"btn btn-solid border-thin btn-has-label ld_button_69d72f2702cd0\" >\n\t<span>\n\t\t\n\t\t\t\t\t<span class=\"btn-txt\" data-text=\"Cont\u00e1ctanos\" >Cont\u00e1ctanos<\/span>\n\t\t\t\n\t\t\t\t\t<\/span>\n<\/a>\n[\/vc_column][\/vc_row][vc_row css=\u00bb.vc_custom_1717614821909{padding-top: 20px !important;padding-bottom: 20px !important;background-color: #dac9df !important;}\u00bb][vc_column width=\u00bb1\/3&#8243;]<style>.ld_fancy_heading_69d72f270543a h5{color:rgb(129, 99, 139);}.ld_fancy_heading_69d72f270543a .lqd-highlight-inner{height:0.275em!important;bottom:0px!important;}<\/style><div class=\"ld-fancy-heading text-center ld_fancy_heading_69d72f270543a\">\n\t<h5 class=\"ld-fh-element lqd-highlight-underline lqd-highlight-grow-left text-decoration-default\"   >  SALA MULTISENSORIAL DIF ORIZABA VERACRUZ<\/h5><\/div>[vc_video link=\u00bbhttps:\/\/youtu.be\/KQr-sZRYdTo?si=_U6oHcc_ycd1RvKH\u00bb][\/vc_column][vc_column width=\u00bb1\/3&#8243;]<style>.ld_fancy_heading_69d72f27086c3 h5{color:rgb(129, 99, 139);}.ld_fancy_heading_69d72f27086c3 .lqd-highlight-inner{height:0.275em!important;bottom:0px!important;}<\/style><div class=\"ld-fancy-heading text-center ld_fancy_heading_69d72f27086c3\">\n\t<h5 class=\"ld-fh-element lqd-highlight-underline lqd-highlight-grow-left text-decoration-default\"   >  SALA MULTISENSORIAL CRIT NEZAHUALCOYOTL<\/h5><\/div>[vc_video link=\u00bbhttps:\/\/youtu.be\/gXoE7YhMOEU?si=iA3VecyNwmdwjWuQ\u00bb][\/vc_column][vc_column width=\u00bb1\/3&#8243;]<style>.ld_fancy_heading_69d72f270f833 h5{color:rgb(129, 99, 139);}.ld_fancy_heading_69d72f270f833 .lqd-highlight-inner{height:0.275em!important;bottom:0px!important;}<\/style><div class=\"ld-fancy-heading text-center ld_fancy_heading_69d72f270f833\">\n\t<h5 class=\"ld-fh-element lqd-highlight-underline lqd-highlight-grow-left text-decoration-default\"   >  SALA MULTISENSORIAL DIF TEQUISQUIAC<\/h5><\/div>[vc_video link=\u00bbhttps:\/\/youtu.be\/gI-Aq884Qh0?si=FXdA0y9JgjkNK0jw\u00bb][\/vc_column][\/vc_row][vc_row css=\u00bb.vc_custom_1717614829093{padding-top: 20px !important;padding-bottom: 20px !important;background-color: #dac9df !important;}\u00bb][vc_column width=\u00bb1\/3&#8243;]<style>.ld_fancy_heading_69d72f270fdcd h5{color:rgb(129, 99, 139);}.ld_fancy_heading_69d72f270fdcd .lqd-highlight-inner{height:0.275em!important;bottom:0px!important;}<\/style><div class=\"ld-fancy-heading text-center ld_fancy_heading_69d72f270fdcd\">\n\t<h5 class=\"ld-fh-element lqd-highlight-underline lqd-highlight-grow-left text-decoration-default\"   >  ESPACIO SENSORIAL INSTALADO EN FUNDACI\u00d3N CRUZ AZUL<\/h5><\/div>[vc_video link=\u00bbhttps:\/\/youtu.be\/RKcwRu98s2w?si=C55Bc1ejxHbRhVUb\u00bb][\/vc_column][vc_column width=\u00bb1\/3&#8243;]<style>.ld_fancy_heading_69d72f27100e2 h5{color:rgb(129, 99, 139);}.ld_fancy_heading_69d72f27100e2 .lqd-highlight-inner{height:0.275em!important;bottom:0px!important;}<\/style><div class=\"ld-fancy-heading text-center ld_fancy_heading_69d72f27100e2\">\n\t<h5 class=\"ld-fh-element lqd-highlight-underline lqd-highlight-grow-left text-decoration-default\"   >  ESPACIO SENSORIAL INSTALADO EN CRIT VERACRUZ<\/h5><\/div>[vc_video link=\u00bbhttps:\/\/youtu.be\/9q7KxqzJzZY?si=Bbon_I7HsTxV-ngW\u00bb][\/vc_column][vc_column width=\u00bb1\/3&#8243;]<style>.ld_fancy_heading_69d72f27103d1 h5{color:rgb(129, 99, 139);}.ld_fancy_heading_69d72f27103d1 .lqd-highlight-inner{height:0.275em!important;bottom:0px!important;}<\/style><div class=\"ld-fancy-heading text-center ld_fancy_heading_69d72f27103d1\">\n\t<h5 class=\"ld-fh-element lqd-highlight-underline lqd-highlight-grow-left text-decoration-default\"   >  ESPACIO INSTALADO EN DIF MUNICIPAL PACHUCA<\/h5><\/div>[vc_video link=\u00bbhttps:\/\/youtu.be\/qzucM36nAbU?si=mX0WtShBI30VhznN\u00bb][\/vc_column][\/vc_row][vc_row css=\u00bb.vc_custom_1717611005899{padding-top: 50px !important;padding-bottom: 50px !important;background-color: #ffddc5 !important;}\u00bb][vc_column width=\u00bb1\/2&#8243;]<style>.ld_fancy_heading_69d72f2710698 .lqd-highlight-inner{height:0.275em!important;bottom:0px!important;}<\/style><div class=\"ld-fancy-heading ld_fancy_heading_69d72f2710698\">\n\t<h5 class=\"ld-fh-element lqd-highlight-underline lqd-highlight-grow-left text-decoration-default\"   >  No solo dise\u00f1amos un espacio, sino que creamos una oportunidad para el descubrimiento, la autonom\u00eda y el progreso.!<\/h5><\/div>[vc_column_text]Cada espacio sensorial, una experiencia transformadora<br \/>\nCada proyecto de <strong>ESPACIO SENSORIAL<\/strong> est\u00e1 dise\u00f1ado para ofrecer una experiencia enriquecedora, adaptada a las necesidades espec\u00edficas del usuario. No es solo un conjunto de elementos f\u00edsicos, sino una oportunidad para mejorar el bienestar, fomentar la relajaci\u00f3n y estimular la percepci\u00f3n sensorial de manera positiva.<br \/>\nEl \u00e9xito de un proyecto, nuestra mayor satisfacci\u00f3n<br \/>\nFinalizar un proyecto y verlo convertirse en un caso de \u00e9xito es una de las sensaciones m\u00e1s gratificantes para todo el <strong>EQUIPO ORTHOS<\/strong>. Refleja el esfuerzo, la dedicaci\u00f3n y el ingenio invertidos, pero tambi\u00e9n es una prueba de nuestra capacidad para superar desaf\u00edos y alcanzar metas. Cada \u00e9xito es el resultado de trabajo en equipo, planificaci\u00f3n estrat\u00e9gica y aprendizaje continuo.<br \/>\nInnovaci\u00f3n que impulsa nuestro compromiso<br \/>\n<strong>En ORTHOS<\/strong>, el reconocimiento de un proyecto exitoso fortalece nuestra confianza, abre nuevas oportunidades y nos motiva a seguir innovando. Cada logro es un impulso para nuestra creatividad y refuerza nuestro compromiso con la excelencia.<br \/>\n<strong><span style=\"font-size: 21px;\">Porque en ORTHOS, cada espacio sensorial tiene un prop\u00f3sito: transformar vidas y seguir sirviendo con pasi\u00f3n y visi\u00f3n.<\/span><\/strong>[\/vc_column_text][\/vc_column][vc_column width=\u00bb1\/2&#8243;][vc_single_image image=\u00bb8824&#8243;][\/vc_column][\/vc_row][vc_row css=\u00bb.vc_custom_1717616669475{padding-top: 20px !important;padding-bottom: 20px !important;background-position: center !important;background-repeat: no-repeat !important;background-size: cover !important;}\u00bb][vc_column]<style>.ld_fancy_heading_69d72f2710966 h1{color:rgb(129, 99, 139);}.ld_fancy_heading_69d72f2710966 .lqd-highlight-inner{height:0.275em!important;bottom:0px!important;}<\/style><div class=\"ld-fancy-heading ld_fancy_heading_69d72f2710966\">\n\t<h1 class=\"ld-fh-element lqd-highlight-underline lqd-highlight-grow-left text-decoration-default\"   >  CRIT GUERRERO<\/h1><\/div>[vc_media_grid item=\u00bbmasonryMedia_Default\u00bb grid_id=\u00bbvc_gid:1749254397804-7a0a137c-7351-8&#8243; include=\u00bb8622,8623,8624,8626,8627,8628,8629,8630,8631,8632,8633,8634,8636,8637&#8243;]<style>.ld_fancy_heading_69d72f2710c40 h1{color:rgb(129, 99, 139);}.ld_fancy_heading_69d72f2710c40 .lqd-highlight-inner{height:0.275em!important;bottom:0px!important;}<\/style><div class=\"ld-fancy-heading ld_fancy_heading_69d72f2710c40\">\n\t<h1 class=\"ld-fh-element lqd-highlight-underline lqd-highlight-grow-left text-decoration-default\"   >  CRIT NEZA<\/h1><\/div>[vc_media_grid item=\u00bbmasonryMedia_Default\u00bb grid_id=\u00bbvc_gid:1749254397808-b18630b8-29c2-10&#8243; include=\u00bb8841,8842,8843,8844,8845,8846,8847,8848,8849,8850,8851,8852,8853,8854,8855,8856&#8243;]<style>.ld_fancy_heading_69d72f2710f00 h1{color:rgb(129, 99, 139);}.ld_fancy_heading_69d72f2710f00 .lqd-highlight-inner{height:0.275em!important;bottom:0px!important;}<\/style><div class=\"ld-fancy-heading ld_fancy_heading_69d72f2710f00\">\n\t<h1 class=\"ld-fh-element lqd-highlight-underline lqd-highlight-grow-left text-decoration-default\"   >  DIF ORIZABA<\/h1><\/div>[vc_media_grid item=\u00bbmasonryMedia_Default\u00bb grid_id=\u00bbvc_gid:1749254397810-eca13771-7959-6&#8243; include=\u00bb8652,8640,8641,8643,8644,8645,8646,8647,8648,8649,8650,8651,8642&#8243;]<style>.ld_fancy_heading_69d72f27111cf h1{color:rgb(129, 99, 139);}.ld_fancy_heading_69d72f27111cf .lqd-highlight-inner{height:0.275em!important;bottom:0px!important;}<\/style><div class=\"ld-fancy-heading ld_fancy_heading_69d72f27111cf\">\n\t<h1 class=\"ld-fh-element lqd-highlight-underline lqd-highlight-grow-left text-decoration-default\"   >  DIF TLAXCOAPAN HIDALGO<\/h1><\/div>[vc_media_grid item=\u00bbmasonryMedia_Default\u00bb grid_id=\u00bbvc_gid:1749254397812-8ba2f3f7-4e40-6&#8243; include=\u00bb5597,5598,5599,5600,5601,5602&#8243;][\/vc_column][\/vc_row][vc_row css=\u00bb.vc_custom_1717616712366{padding-top: 20px !important;padding-bottom: 20px !important;background-color: #9ce0db !important;background-position: center !important;background-repeat: no-repeat !important;background-size: cover !important;}\u00bb][vc_column]<style>.ld_fancy_heading_69d72f271148d h1{color:rgb(255, 255, 255);}.ld_fancy_heading_69d72f271148d .lqd-highlight-inner{height:0.275em!important;bottom:0px!important;}<\/style><div class=\"ld-fancy-heading ld_fancy_heading_69d72f271148d\">\n\t<h1 class=\"ld-fh-element lqd-highlight-underline lqd-highlight-grow-left text-decoration-default\"   >  DIF MUNICIPAL HIDALGO<\/h1><\/div>[vc_media_grid item=\u00bbmasonryMedia_Default\u00bb grid_id=\u00bbvc_gid:1749254397823-ec7864f5-0af2-10&#8243; include=\u00bb5609,5610,5611,5612,5613,5614,5615,5616,5617&#8243;][\/vc_column][\/vc_row][vc_row css=\u00bb.vc_custom_1717616528905{padding-top: 20px !important;padding-bottom: 20px !important;background-color: #dac9df !important;background-position: center !important;background-repeat: no-repeat !important;background-size: cover !important;}\u00bb][vc_column]<style>.ld_fancy_heading_69d72f2711747 h1{color:rgb(255, 255, 255);}.ld_fancy_heading_69d72f2711747 .lqd-highlight-inner{height:0.275em!important;bottom:0px!important;}<\/style><div class=\"ld-fancy-heading ld_fancy_heading_69d72f2711747\">\n\t<h1 class=\"ld-fh-element lqd-highlight-underline lqd-highlight-grow-left text-decoration-default\"   >  DIF JIMENES CHIHUAHUA<\/h1><\/div>[vc_media_grid element_width=\u00bb6&#8243; item=\u00bbmasonryMedia_Default\u00bb grid_id=\u00bbvc_gid:1749254397829-fd24625c-1535-6&#8243; include=\u00bb5620,5621,5622,5623&#8243;][\/vc_column][\/vc_row][vc_row css=\u00bb.vc_custom_1717616669475{padding-top: 20px !important;padding-bottom: 20px !important;background-position: center !important;background-repeat: no-repeat !important;background-size: cover !important;}\u00bb][vc_column]<style>.ld_fancy_heading_69d72f2711a08 h1{color:rgb(129, 99, 139);}.ld_fancy_heading_69d72f2711a08 .lqd-highlight-inner{height:0.275em!important;bottom:0px!important;}<\/style><div class=\"ld-fancy-heading ld_fancy_heading_69d72f2711a08\">\n\t<h1 class=\"ld-fh-element lqd-highlight-underline lqd-highlight-grow-left text-decoration-default\"   >  DIF CAMARGO<\/h1><\/div>[vc_media_grid element_width=\u00bb3&#8243; item=\u00bbmasonryMedia_Default\u00bb grid_id=\u00bbvc_gid:1749254397835-8f6adcad-333e-0&#8243; include=\u00bb5625,5626,5627,5628,5629,5630,5631,5632&#8243;][\/vc_column][\/vc_row][vc_row css=\u00bb.vc_custom_1717616712366{padding-top: 20px !important;padding-bottom: 20px !important;background-color: #9ce0db !important;background-position: center !important;background-repeat: no-repeat !important;background-size: cover !important;}\u00bb][vc_column]<style>.ld_fancy_heading_69d72f2711cc9 h1{color:rgb(255, 255, 255);}.ld_fancy_heading_69d72f2711cc9 .lqd-highlight-inner{height:0.275em!important;bottom:0px!important;}<\/style><div class=\"ld-fancy-heading ld_fancy_heading_69d72f2711cc9\">\n\t<h1 class=\"ld-fh-element lqd-highlight-underline lqd-highlight-grow-left text-decoration-default\"   >  CAM 7009 JUAN JACOBO CHIHUAHUA<\/h1><\/div>[vc_media_grid element_width=\u00bb3&#8243; item=\u00bbmasonryMedia_Default\u00bb grid_id=\u00bbvc_gid:1749254397841-d85af8fe-cc3d-6&#8243; include=\u00bb5634,5635,5636,5637,5638,5639,5640,5641&#8243;][\/vc_column][\/vc_row][vc_row css=\u00bb.vc_custom_1717616528905{padding-top: 20px !important;padding-bottom: 20px !important;background-color: #dac9df !important;background-position: center !important;background-repeat: no-repeat !important;background-size: cover !important;}\u00bb][vc_column]<style>.ld_fancy_heading_69d72f2711f87 h2{color:rgb(255, 255, 255);}.ld_fancy_heading_69d72f2711f87 .lqd-highlight-inner{height:0.275em!important;bottom:0px!important;}<\/style><div class=\"ld-fancy-heading ld_fancy_heading_69d72f2711f87\">\n\t<h2 class=\"ld-fh-element lqd-highlight-underline lqd-highlight-grow-left text-decoration-default\"   >  CENTRO DE ATENCION A LA DISCAPACIDAD \u00abLA GAVIOTA\u00bb<\/h2><\/div>[vc_media_grid element_width=\u00bb3&#8243; item=\u00bbmasonryMedia_Default\u00bb grid_id=\u00bbvc_gid:1749254397849-e084d753-5a9e-6&#8243; include=\u00bb5643,5644,5645,5646,5647,5648,5649,5650&#8243;][\/vc_column][\/vc_row][vc_row css=\u00bb.vc_custom_1717616669475{padding-top: 20px !important;padding-bottom: 20px !important;background-position: center !important;background-repeat: no-repeat !important;background-size: cover !important;}\u00bb][vc_column]<style>.ld_fancy_heading_69d72f2712242 h1{color:rgb(129, 99, 139);}.ld_fancy_heading_69d72f2712242 .lqd-highlight-inner{height:0.275em!important;bottom:0px!important;}<\/style><div class=\"ld-fancy-heading ld_fancy_heading_69d72f2712242\">\n\t<h1 class=\"ld-fh-element lqd-highlight-underline lqd-highlight-grow-left text-decoration-default\"   >  CRIT VERACRUZ<\/h1><\/div>[vc_media_grid element_width=\u00bb3&#8243; item=\u00bbmasonryMedia_Default\u00bb grid_id=\u00bbvc_gid:1749254397855-b3d91d02-9bbc-10&#8243; include=\u00bb5653,5654,5655,5656,5657,5658,5659,5660&#8243;][\/vc_column][\/vc_row][vc_row css=\u00bb.vc_custom_1717616712366{padding-top: 20px !important;padding-bottom: 20px !important;background-color: #9ce0db !important;background-position: center !important;background-repeat: no-repeat !important;background-size: cover !important;}\u00bb][vc_column]<style>.ld_fancy_heading_69d72f27124fc h1{color:rgb(255, 255, 255);}.ld_fancy_heading_69d72f27124fc .lqd-highlight-inner{height:0.275em!important;bottom:0px!important;}<\/style><div class=\"ld-fancy-heading ld_fancy_heading_69d72f27124fc\">\n\t<h1 class=\"ld-fh-element lqd-highlight-underline lqd-highlight-grow-left text-decoration-default\"   >  FUNDACION CRUZ AZUL<\/h1><\/div>[vc_media_grid element_width=\u00bb3&#8243; item=\u00bbmasonryMedia_Default\u00bb grid_id=\u00bbvc_gid:1749254397861-cdaf514e-c5b7-1&#8243; include=\u00bb5662,5663,5664,5665,5666,5667,5668,5669&#8243;][\/vc_column][\/vc_row][vc_row css=\u00bb.vc_custom_1717616528905{padding-top: 20px !important;padding-bottom: 20px !important;background-color: #dac9df !important;background-position: center !important;background-repeat: no-repeat !important;background-size: cover !important;}\u00bb][vc_column]<style>.ld_fancy_heading_69d72f27127c5 h2{color:rgb(255, 255, 255);}.ld_fancy_heading_69d72f27127c5 .lqd-highlight-inner{height:0.275em!important;bottom:0px!important;}<\/style><div class=\"ld-fancy-heading ld_fancy_heading_69d72f27127c5\">\n\t<h2 class=\"ld-fh-element lqd-highlight-underline lqd-highlight-grow-left text-decoration-default\"   >  DESEOS DEL CORAZON<\/h2><\/div>[vc_media_grid element_width=\u00bb3&#8243; item=\u00bbmasonryMedia_Default\u00bb grid_id=\u00bbvc_gid:1749254397868-3f1b162c-0e3c-8&#8243; include=\u00bb5671,5672,5673,5674,5675,5676,5677,5678&#8243;][\/vc_column][\/vc_row][vc_row css=\u00bb.vc_custom_1717616669475{padding-top: 20px !important;padding-bottom: 20px !important;background-position: center !important;background-repeat: no-repeat !important;background-size: cover !important;}\u00bb][vc_column]<style>.ld_fancy_heading_69d72f2712a99 h1{color:rgb(129, 99, 139);}.ld_fancy_heading_69d72f2712a99 .lqd-highlight-inner{height:0.275em!important;bottom:0px!important;}<\/style><div class=\"ld-fancy-heading ld_fancy_heading_69d72f2712a99\">\n\t<h1 class=\"ld-fh-element lqd-highlight-underline lqd-highlight-grow-left text-decoration-default\"   >  DIF MUNICIPAL PACHUCA<\/h1><\/div>[vc_media_grid element_width=\u00bb3&#8243; item=\u00bbmasonryMedia_Default\u00bb grid_id=\u00bbvc_gid:1749254397873-aeaa962c-ee89-6&#8243; include=\u00bb5680,5681,5682,5683,5684,5685,5686,5687&#8243;][\/vc_column][\/vc_row]<\/p>\n","protected":false},"excerpt":{"rendered":"<p>[vc_row css=\u00bb.vc_custom_1717610396110{padding-top: 50px !important;padding-bottom: 50px !important;background-image: url(https:\/\/susistemapruebas.com\/grapi\/wp-content\/uploads\/2024\/06\/encabezados.webp?id=5470) !important;background-position: center !important;background-repeat: no-repeat !important;background-size: cover !important;}\u00bb][vc_column][\/vc_column][\/vc_row][vc_row css=\u00bb.vc_custom_1717613999384{padding-top: 30px !important;padding-bottom: 30px !important;}\u00bb][vc_column][\/vc_column][\/vc_row][vc_row css=\u00bb.vc_custom_1717614821909{padding-top: 20px !important;padding-bottom: 20px !important;background-color: #dac9df !important;}\u00bb][vc_column width=\u00bb1\/3&#8243;][vc_video link=\u00bbhttps:\/\/youtu.be\/KQr-sZRYdTo?si=_U6oHcc_ycd1RvKH\u00bb][\/vc_column][vc_column width=\u00bb1\/3&#8243;][vc_video link=\u00bbhttps:\/\/youtu.be\/gXoE7YhMOEU?si=iA3VecyNwmdwjWuQ\u00bb][\/vc_column][vc_column width=\u00bb1\/3&#8243;][vc_video link=\u00bbhttps:\/\/youtu.be\/gI-Aq884Qh0?si=FXdA0y9JgjkNK0jw\u00bb][\/vc_column][\/vc_row][vc_row css=\u00bb.vc_custom_1717614829093{padding-top: 20px !important;padding-bottom: 20px !important;background-color: #dac9df !important;}\u00bb][vc_column width=\u00bb1\/3&#8243;][vc_video link=\u00bbhttps:\/\/youtu.be\/RKcwRu98s2w?si=C55Bc1ejxHbRhVUb\u00bb][\/vc_column][vc_column width=\u00bb1\/3&#8243;][vc_video link=\u00bbhttps:\/\/youtu.be\/9q7KxqzJzZY?si=Bbon_I7HsTxV-ngW\u00bb][\/vc_column][vc_column width=\u00bb1\/3&#8243;][vc_video link=\u00bbhttps:\/\/youtu.be\/qzucM36nAbU?si=mX0WtShBI30VhznN\u00bb][\/vc_column][\/vc_row][vc_row css=\u00bb.vc_custom_1717611005899{padding-top: 50px !important;padding-bottom: 50px !important;background-color: #ffddc5 !important;}\u00bb][vc_column width=\u00bb1\/2&#8243;][vc_column_text]Cada espacio sensorial, [&hellip;]<\/p>\n","protected":false},"author":1,"featured_media":0,"parent":0,"menu_order":0,"comment_status":"closed","ping_status":"closed","template":"","meta":{"footnotes":""},"class_list":["post-4904","page","type-page","status-publish","hentry"],"_links":{"self":[{"href":"https:\/\/susistemapruebas.com\/grapi\/wp-json\/wp\/v2\/pages\/4904","targetHints":{"allow":["GET"]}}],"collection":[{"href":"https:\/\/susistemapruebas.com\/grapi\/wp-json\/wp\/v2\/pages"}],"about":[{"href":"https:\/\/susistemapruebas.com\/grapi\/wp-json\/wp\/v2\/types\/page"}],"author":[{"embeddable":true,"href":"https:\/\/susistemapruebas.com\/grapi\/wp-json\/wp\/v2\/users\/1"}],"replies":[{"embeddable":true,"href":"https:\/\/susistemapruebas.com\/grapi\/wp-json\/wp\/v2\/comments?post=4904"}],"version-history":[{"count":53,"href":"https:\/\/susistemapruebas.com\/grapi\/wp-json\/wp\/v2\/pages\/4904\/revisions"}],"predecessor-version":[{"id":8930,"href":"https:\/\/susistemapruebas.com\/grapi\/wp-json\/wp\/v2\/pages\/4904\/revisions\/8930"}],"wp:attachment":[{"href":"https:\/\/susistemapruebas.com\/grapi\/wp-json\/wp\/v2\/media?parent=4904"}],"curies":[{"name":"wp","href":"https:\/\/api.w.org\/{rel}","templated":true}]}}