{"id":4882,"date":"2021-05-27T15:46:44","date_gmt":"2021-05-27T15:46:44","guid":{"rendered":"https:\/\/www.grupoorthos.com.mx\/?page_id=871"},"modified":"2024-06-06T17:41:53","modified_gmt":"2024-06-06T17:41:53","slug":"alberca-de-pelotas","status":"publish","type":"page","link":"https:\/\/susistemapruebas.com\/grapi\/alberca-de-pelotas\/","title":{"rendered":"Alberca de Pelotas"},"content":{"rendered":"<p>[vc_row css=\u00bb.vc_custom_1717610396110{padding-top: 50px !important;padding-bottom: 50px !important;background-image: url(https:\/\/susistemapruebas.com\/grapi\/wp-content\/uploads\/2024\/06\/encabezados.webp?id=5470) !important;background-position: center !important;background-repeat: no-repeat !important;background-size: cover !important;}\u00bb][vc_column]<style>.ld_fancy_heading_69d742e8f028e h1{color:rgb(255, 255, 255);}.ld_fancy_heading_69d742e8f028e .lqd-highlight-inner{height:0.275em!important;bottom:0px!important;}<\/style><div class=\"ld-fancy-heading ld_fancy_heading_69d742e8f028e\">\n\t<h1 class=\"ld-fh-element lqd-highlight-underline lqd-highlight-grow-left text-decoration-default\"   >  ALBERCAS DE PELOTAS.<\/h1><\/div>[\/vc_column][\/vc_row][vc_row content_placement=\u00bbmiddle\u00bb css=\u00bb.vc_custom_1717651497389{padding-top: 30px !important;padding-bottom: 30px !important;}\u00bb][vc_column width=\u00bb1\/2&#8243;][vc_column_text]<\/p>\n<div class=\"av-special-heading av-special-heading-h3 blockquote modern-quote modern-centered avia-builder-el-14 el_before_av_textblock avia-builder-el-first av-inherit-size \">\n<p>Este es un elemento ideal para desarrollar est\u00edmulos vestibulares, sonoros y visuales. Las albercas de pelotas son una gran manera para que los ni\u00f1os puedan recibir sensaciones profundas de presi\u00f3n y masaje, cambian de color y se consigue el fortalecimiento de la discriminaci\u00f3n visual y t\u00e1ctil. Mira el color de las bolas cambiar, los colores cambian a trav\u00e9s de las bolas transparentes que crean un fascinante y relajante experiencia.<\/p>\n<p>Estas Albercas suele ser un est\u00edmulo propioceptivo intenso trabajando el concepto corporal. Hay que jugar con la propiocepci\u00f3n y la visi\u00f3n. Hacer aparecer y desaparecer de la visi\u00f3n las distintas partes del cuerpo. Cubrirse totalmente de bolas. Jugar con la propiocepci\u00f3n y el contraste de sonido: mover y dejar de mover distintas partes del cuerpo. Percepci\u00f3n t\u00e1ctil con una bola en sus brazos y cara. Juegos de coordinaci\u00f3n visomotriz.<\/p>\n<\/div>\n<p>[\/vc_column_text][\/vc_column][vc_column width=\u00bb1\/2&#8243;][vc_single_image image=\u00bb5889&#8243;][\/vc_column][\/vc_row][vc_row responsive_css=\u00bbpadding_top_medium:80px|padding_bottom_medium:80px\u00bb css=\u00bb.vc_custom_1717651551058{padding-top: 60px !important;padding-bottom: 60px !important;background-color: #dac9df !important;}\u00bb][vc_column width=\u00bb1\/2&#8243; offset=\u00bbvc_col-md-4&#8243;]<div id=\"ld_content_box_69d742e8f0707\" class=\"lqd-fb round h-pt-125 lqd-fb-style-6 pos-rel ld_content_box_69d742e8f0707\" data-lqd-zindex=\"true\">\n\t<div class=\"lqd-fb-inner lqd-overlay\">\n\t\t\n\t\t<div class=\"lqd-fb-shadow\"><\/div>\n\n\t\t<div class=\"d-flex flex-wrap align-items-center lqd-overlay\" data-hover3d=\"true\">\n\n\t\t\t<div class=\"lqd-fb-content-wrap lqd-overlay flex-column align-items-end transform-style-3d backface-hidden will-change-transform\" data-stacking-factor=\"0.5\">\n\n\t\t\t\t<div class=\"lqd-fb-img lqd-overlay rount backface-hidden\">\n\t\t\t\t\t<figure class=\"w-100\" data-responsive-bg=\"true\">\n\t\t\t\t\t\t<img loading=\"lazy\" decoding=\"async\" width=\"640\" height=\"480\" src=\"https:\/\/susistemapruebas.com\/grapi\/wp-content\/uploads\/2024\/06\/alberca1.jpg\" class=\"w-100 invisible\" alt=\"\" srcset=\"https:\/\/susistemapruebas.com\/grapi\/wp-content\/uploads\/2024\/06\/alberca1.jpg 640w, https:\/\/susistemapruebas.com\/grapi\/wp-content\/uploads\/2024\/06\/alberca1-300x225.jpg 300w, https:\/\/susistemapruebas.com\/grapi\/wp-content\/uploads\/2024\/06\/alberca1-600x450.jpg 600w\" sizes=\"auto, (max-width: 640px) 100vw, 640px\" \/>\t\t\t\t\t<\/figure>\n\t\t\t\t\t<div class=\"lqd-fb-bg lqd-overlay\"><\/div>\n\t\t\t\t\t<div class=\"lqd-fb-hover-overlay lqd-overlay\"><\/div>\n\t\t\t\t<\/div>\n\n\t\t\t\t<div class=\"lqd-fb-content pos-abs pos-bl w-100 p-4 py-lg-7 px-lg-8 backface-hidden\">\n\n\t\t\t\t\t<span class=\"lqd-fb-icon d-flex mb-5\">\n\t\t\t\t\t\t\t\t\t\t\t<\/span>\n\n\t\t\t\t\t\t\t\t\t\t\n\t\t\t\t\t\t\t\t\t\t<h2 class=\"lqd-fb-content-title my-0 mb-3 font-weight-bold\">Alberca de Pelotas Interactiva (DOIT)<\/h2>\n\t\t\t\t\t\t\t\t\t\t\n\t\t\t\t\t\n\t\t\t\t<\/div>\n\n\t\t\t\t\n\t\t\t<\/div>\n\n\t\t<\/div>\n\n\t<\/div>\n<\/div><style>.ld_spacer_69d742e8f0bdd{height:32px;}<\/style>\n<div class=\"ld-empty-space ld_spacer_69d742e8f0bdd\"><\/div>[\/vc_column][vc_column width=\u00bb1\/2&#8243; offset=\u00bbvc_col-md-4&#8243;]<div id=\"ld_content_box_69d742e8f0e3b\" class=\"lqd-fb round h-pt-125 lqd-fb-style-6 pos-rel ld_content_box_69d742e8f0e3b\" data-lqd-zindex=\"true\">\n\t<div class=\"lqd-fb-inner lqd-overlay\">\n\t\t\n\t\t<div class=\"lqd-fb-shadow\"><\/div>\n\n\t\t<div class=\"d-flex flex-wrap align-items-center lqd-overlay\" data-hover3d=\"true\">\n\n\t\t\t<div class=\"lqd-fb-content-wrap lqd-overlay flex-column align-items-end transform-style-3d backface-hidden will-change-transform\" data-stacking-factor=\"0.5\">\n\n\t\t\t\t<div class=\"lqd-fb-img lqd-overlay rount backface-hidden\">\n\t\t\t\t\t<figure class=\"w-100\" data-responsive-bg=\"true\">\n\t\t\t\t\t\t<img loading=\"lazy\" decoding=\"async\" width=\"480\" height=\"480\" src=\"https:\/\/susistemapruebas.com\/grapi\/wp-content\/uploads\/2024\/06\/alberca2.jpg\" class=\"w-100 invisible\" alt=\"\" srcset=\"https:\/\/susistemapruebas.com\/grapi\/wp-content\/uploads\/2024\/06\/alberca2.jpg 480w, https:\/\/susistemapruebas.com\/grapi\/wp-content\/uploads\/2024\/06\/alberca2-300x300.jpg 300w, https:\/\/susistemapruebas.com\/grapi\/wp-content\/uploads\/2024\/06\/alberca2-150x150.jpg 150w\" sizes=\"auto, (max-width: 480px) 100vw, 480px\" \/>\t\t\t\t\t<\/figure>\n\t\t\t\t\t<div class=\"lqd-fb-bg lqd-overlay\"><\/div>\n\t\t\t\t\t<div class=\"lqd-fb-hover-overlay lqd-overlay\"><\/div>\n\t\t\t\t<\/div>\n\n\t\t\t\t<div class=\"lqd-fb-content pos-abs pos-bl w-100 p-4 py-lg-7 px-lg-8 backface-hidden\">\n\n\t\t\t\t\t<span class=\"lqd-fb-icon d-flex mb-5\">\n\t\t\t\t\t\t\t\t\t\t\t<\/span>\n\n\t\t\t\t\t\t\t\t\t\t\n\t\t\t\t\t\t\t\t\t\t<h2 class=\"lqd-fb-content-title my-0 mb-3 font-weight-bold\">Alberca de Pelotas Pasiva No Interactiva<\/h2>\n\t\t\t\t\t\t\t\t\t\t\n\t\t\t\t\t\n\t\t\t\t<\/div>\n\n\t\t\t\t\n\t\t\t<\/div>\n\n\t\t<\/div>\n\n\t<\/div>\n<\/div><style>.ld_spacer_69d742e8f123a{height:32px;}<\/style>\n<div class=\"ld-empty-space ld_spacer_69d742e8f123a\"><\/div>[\/vc_column][vc_column width=\u00bb1\/2&#8243; offset=\u00bbvc_col-md-4&#8243;]<div id=\"ld_content_box_69d742e8f144e\" class=\"lqd-fb round h-pt-125 lqd-fb-style-6 pos-rel ld_content_box_69d742e8f144e\" data-lqd-zindex=\"true\">\n\t<div class=\"lqd-fb-inner lqd-overlay\">\n\t\t\n\t\t<div class=\"lqd-fb-shadow\"><\/div>\n\n\t\t<div class=\"d-flex flex-wrap align-items-center lqd-overlay\" data-hover3d=\"true\">\n\n\t\t\t<div class=\"lqd-fb-content-wrap lqd-overlay flex-column align-items-end transform-style-3d backface-hidden will-change-transform\" data-stacking-factor=\"0.5\">\n\n\t\t\t\t<div class=\"lqd-fb-img lqd-overlay rount backface-hidden\">\n\t\t\t\t\t<figure class=\"w-100\" data-responsive-bg=\"true\">\n\t\t\t\t\t\t<img loading=\"lazy\" decoding=\"async\" width=\"480\" height=\"480\" src=\"https:\/\/susistemapruebas.com\/grapi\/wp-content\/uploads\/2024\/06\/alberca3.jpg\" class=\"w-100 invisible\" alt=\"\" srcset=\"https:\/\/susistemapruebas.com\/grapi\/wp-content\/uploads\/2024\/06\/alberca3.jpg 480w, https:\/\/susistemapruebas.com\/grapi\/wp-content\/uploads\/2024\/06\/alberca3-300x300.jpg 300w, https:\/\/susistemapruebas.com\/grapi\/wp-content\/uploads\/2024\/06\/alberca3-150x150.jpg 150w\" sizes=\"auto, (max-width: 480px) 100vw, 480px\" \/>\t\t\t\t\t<\/figure>\n\t\t\t\t\t<div class=\"lqd-fb-bg lqd-overlay\"><\/div>\n\t\t\t\t\t<div class=\"lqd-fb-hover-overlay lqd-overlay\"><\/div>\n\t\t\t\t<\/div>\n\n\t\t\t\t<div class=\"lqd-fb-content pos-abs pos-bl w-100 p-4 py-lg-7 px-lg-8 backface-hidden\">\n\n\t\t\t\t\t<span class=\"lqd-fb-icon d-flex mb-5\">\n\t\t\t\t\t\t\t\t\t\t\t<\/span>\n\n\t\t\t\t\t\t\t\t\t\t\n\t\t\t\t\t\t\t\t\t\t<h2 class=\"lqd-fb-content-title my-0 mb-3 font-weight-bold\">Pelotas Transparentes Claras<\/h2>\n\t\t\t\t\t\t\t\t\t\t\n\t\t\t\t\t\n\t\t\t\t<\/div>\n\n\t\t\t\t\n\t\t\t<\/div>\n\n\t\t<\/div>\n\n\t<\/div>\n<\/div><style>.ld_spacer_69d742e8f185e{height:32px;}<\/style>\n<div class=\"ld-empty-space ld_spacer_69d742e8f185e\"><\/div>[\/vc_column][\/vc_row][vc_row full_width=\u00bbstretch_row\u00bb css=\u00bb.vc_custom_1717651608421{padding-top: 30px !important;padding-bottom: 30px !important;background-color: #81638b !important;}\u00bb][vc_column][vc_single_image image=\u00bb5884&#8243; alignment=\u00bbcenter\u00bb][\/vc_column][\/vc_row]<\/p>\n","protected":false},"excerpt":{"rendered":"<p>[vc_row css=\u00bb.vc_custom_1717610396110{padding-top: 50px !important;padding-bottom: 50px !important;background-image: url(https:\/\/susistemapruebas.com\/grapi\/wp-content\/uploads\/2024\/06\/encabezados.webp?id=5470) !important;background-position: center !important;background-repeat: no-repeat !important;background-size: cover !important;}\u00bb][vc_column][\/vc_column][\/vc_row][vc_row content_placement=\u00bbmiddle\u00bb css=\u00bb.vc_custom_1717651497389{padding-top: 30px !important;padding-bottom: 30px !important;}\u00bb][vc_column width=\u00bb1\/2&#8243;][vc_column_text] Este es un elemento ideal para desarrollar est\u00edmulos vestibulares, sonoros y visuales. Las albercas de pelotas son una gran manera para que los ni\u00f1os puedan recibir sensaciones profundas de presi\u00f3n y masaje, cambian de [&hellip;]<\/p>\n","protected":false},"author":1,"featured_media":0,"parent":0,"menu_order":0,"comment_status":"closed","ping_status":"closed","template":"","meta":{"footnotes":""},"class_list":["post-4882","page","type-page","status-publish","hentry"],"_links":{"self":[{"href":"https:\/\/susistemapruebas.com\/grapi\/wp-json\/wp\/v2\/pages\/4882","targetHints":{"allow":["GET"]}}],"collection":[{"href":"https:\/\/susistemapruebas.com\/grapi\/wp-json\/wp\/v2\/pages"}],"about":[{"href":"https:\/\/susistemapruebas.com\/grapi\/wp-json\/wp\/v2\/types\/page"}],"author":[{"embeddable":true,"href":"https:\/\/susistemapruebas.com\/grapi\/wp-json\/wp\/v2\/users\/1"}],"replies":[{"embeddable":true,"href":"https:\/\/susistemapruebas.com\/grapi\/wp-json\/wp\/v2\/comments?post=4882"}],"version-history":[{"count":17,"href":"https:\/\/susistemapruebas.com\/grapi\/wp-json\/wp\/v2\/pages\/4882\/revisions"}],"predecessor-version":[{"id":5893,"href":"https:\/\/susistemapruebas.com\/grapi\/wp-json\/wp\/v2\/pages\/4882\/revisions\/5893"}],"wp:attachment":[{"href":"https:\/\/susistemapruebas.com\/grapi\/wp-json\/wp\/v2\/media?parent=4882"}],"curies":[{"name":"wp","href":"https:\/\/api.w.org\/{rel}","templated":true}]}}