{"id":4877,"date":"2021-05-25T18:27:17","date_gmt":"2021-05-25T18:27:17","guid":{"rendered":"https:\/\/www.grupoorthos.com.mx\/?page_id=763"},"modified":"2025-07-23T22:44:22","modified_gmt":"2025-07-23T22:44:22","slug":"nuestros-servicios","status":"publish","type":"page","link":"https:\/\/susistemapruebas.com\/grapi\/nuestros-servicios\/","title":{"rendered":"Servicios"},"content":{"rendered":"<p>[vc_row css=\u00bb.vc_custom_1717610396110{padding-top: 50px !important;padding-bottom: 50px !important;background-image: url(https:\/\/susistemapruebas.com\/grapi\/wp-content\/uploads\/2024\/06\/encabezados.webp?id=5470) !important;background-position: center !important;background-repeat: no-repeat !important;background-size: cover !important;}\u00bb][vc_column]<style>.ld_fancy_heading_69d72f27813fb h1{color:rgb(255, 255, 255);}.ld_fancy_heading_69d72f27813fb .lqd-highlight-inner{height:0.275em!important;bottom:0px!important;}<\/style><div class=\"ld-fancy-heading ld_fancy_heading_69d72f27813fb\">\n\t<h1 class=\"ld-fh-element lqd-highlight-underline lqd-highlight-grow-left text-decoration-default\"   >  Nuestros Servicios<\/h1><\/div>[\/vc_column][\/vc_row][vc_row css=\u00bb.vc_custom_1717722908045{padding-top: 50px !important;padding-bottom: 50px !important;background-color: #ffddc5 !important;}\u00bb][vc_column]<style>.ld_fancy_heading_69d72f2781701 h3 {margin-top:30px !important; margin-bottom:30px !important;  } .ld_fancy_heading_69d72f2781701 .lqd-highlight-inner{height:0.275em!important;bottom:0px!important;}.ld_fancy_heading_69d72f2781701 h3 {margin-top:30px !important; margin-bottom:30px !important;  } <\/style><div class=\"ld-fancy-heading text-center ld_fancy_heading_69d72f2781701\">\n\t<h3 class=\"ld-fh-element lqd-highlight-underline lqd-highlight-grow-left text-decoration-default\"   >  Nuestra amplia experiencia en el ramo nos permite brindar los siguientes servicios:<\/h3><\/div><style>.ld_spacer_69d72f278185b{height:32px;}<\/style>\n<div class=\"ld-empty-space ld_spacer_69d72f278185b\"><\/div>[vc_row_inner content_placement=\u00bbtop\u00bb][vc_column_inner width=\u00bb1\/2&#8243;][vc_column_text]A lo largo de la vida \u00fatil de los ESPACIOS SENSORIALES en sus EQUIPOS Y MOBILIARIOS, se suele efectuar MEJORAS necesarias con el fin de que tus ESPACIOS SENSORIALES puedan mantener su capacidad de servicio OPTIMO. Tales como:<\/p>\n<ul>\n<li>Mantenimiento.<\/li>\n<li>Reparaci\u00f3n.<\/li>\n<li>Mejoras.<\/li>\n<\/ul>\n<p>[\/vc_column_text][\/vc_column_inner][vc_column_inner width=\u00bb1\/2&#8243;][vc_single_image image=\u00bb9279&#8243;][\/vc_column_inner][\/vc_row_inner][\/vc_column][\/vc_row][vc_row css=\u00bb.vc_custom_1717722347447{padding-top: 50px !important;padding-bottom: 50px !important;}\u00bb][vc_column][vc_row_inner content_placement=\u00bbmiddle\u00bb][vc_column_inner width=\u00bb1\/2&#8243;][vc_column_text]<strong>1.- \u00a0MANTENIMIENTO<\/strong><\/p>\n<p>Este tipo de ACTIVIDADES son necesarias a lo largo de la vida \u00fatil de los ESPACIOS SENSORIALES y se debe realizar con el objeto de permitir que este espacio NO disminuya su capacidad de utilizaci\u00f3n antes de tiempo.<\/p>\n<p><strong>2- REPARACIONES<\/strong><\/p>\n<p>Tienen como objeto subsanar la capacidad de servicio del ESPACIO SENSORIAL.<\/p>\n<p><strong>3.- MEJORAS<\/strong><\/p>\n<p>Aumentan la capacidad de servicios de los ESPACIOS SENSORIALES ya sea extendiendo su vida \u00fatil o aumentando su productividad. En todos los casos modifican sus condiciones originales. O de igual forma incorporando NUEVOS elementos que permiten mantenerte AL D\u00cdA.[\/vc_column_text][\/vc_column_inner][vc_column_inner width=\u00bb1\/2&#8243;][vc_single_image image=\u00bb5962&#8243;][vc_single_image image=\u00bb5969&#8243;][\/vc_column_inner][\/vc_row_inner][\/vc_column][\/vc_row][vc_row content_placement=\u00bbmiddle\u00bb row_scale_bg_onhover=\u00bbyes\u00bb enable_overlay=\u00bbyes\u00bb css=\u00bb.vc_custom_1610893415509{padding-top: 60px !important;padding-bottom: 60px !important;background-image: url(https:\/\/classichub.liquid-themes.com\/staging\/wp-content\/uploads\/2020\/03\/bg-3@2x-scaled.jpg?id=77) !important;background-position: center !important;background-repeat: no-repeat !important;background-size: cover !important;}\u00bb overlay_bg=\u00bbrgba(0, 0, 0, 0.22)\u00bb hover_overlay_bg=\u00bbrgba(0, 0, 0, 0.4)\u00bb responsive_css=\u00bbpadding_top_medium:100px|padding_bottom_medium:80px|padding_top_small:60px|padding_bottom_small:60px\u00bb][vc_column align=\u00bbtext-center\u00bb responsive_align=\u00bbtext-md-left\u00bb css=\u00bb.vc_custom_1717722698798{margin-bottom: 45px !important;}\u00bb]<style>.ld_fancy_heading_69d72f278199c p{color:rgb(255, 255, 255);}.ld_fancy_heading_69d72f278199c p {font-size:25px; } @media (min-width: 768px) { .ld_fancy_heading_69d72f278199c p {font-size:35px; }  } .ld_fancy_heading_69d72f278199c p {letter-spacing:-0.01em; } .ld_fancy_heading_69d72f278199c p {margin-bottom:0px !important;  } .ld_fancy_heading_69d72f278199c .lqd-highlight-inner{height:0.275em!important;bottom:0px!important;}.ld_fancy_heading_69d72f278199c p {font-size:25px; } @media (min-width: 768px) { .ld_fancy_heading_69d72f278199c p {font-size:35px; }  } .ld_fancy_heading_69d72f278199c p {letter-spacing:-0.01em; } .ld_fancy_heading_69d72f278199c p {margin-bottom:0px !important;  } <\/style><div class=\"ld-fancy-heading mask-text text-center ld_fancy_heading_69d72f278199c\">\n\t<p class=\"ld-fh-element lqd-highlight-underline lqd-highlight-grow-left text-decoration-default lqd-split-lines\"   data-split-text=\"true\" data-split-options='{\"type\":\"lines\"}' data-custom-animations=\"true\" data-ca-options='{\"triggerHandler\":\"inview\",\"animationTarget\":\".lqd-lines > .split-inner\",\"duration\":\"1800\",\"delay\":\"180\",\"ease\":\"power4.out\",\"direction\":\"forward\",\"initValues\":{\"y\":90},\"animations\":{\"y\":0}}'>  El OBJETIVO principal es EXTENDER el m\u00e1ximo posible su vida \u00fatil o bien incrementar su productividad o eficiencia, como consecuencia se benefician los usuarios a futuro. En ORTHOS podemos apoyarte en todo lo que necesites en estos temas.<\/p><\/div><style>.ld_fancy_heading_69d72f2781b6c p{color:rgb(255, 255, 255);}.ld_fancy_heading_69d72f2781b6c p {font-size:25px; } @media (min-width: 768px) { .ld_fancy_heading_69d72f2781b6c p {font-size:35px; }  } .ld_fancy_heading_69d72f2781b6c p {letter-spacing:-0.01em; } .ld_fancy_heading_69d72f2781b6c p {margin-bottom:0px !important;  } .ld_fancy_heading_69d72f2781b6c .lqd-highlight-inner{height:0.275em!important;bottom:0px!important;}.ld_fancy_heading_69d72f2781b6c p {font-size:25px; } @media (min-width: 768px) { .ld_fancy_heading_69d72f2781b6c p {font-size:35px; }  } .ld_fancy_heading_69d72f2781b6c p {letter-spacing:-0.01em; } .ld_fancy_heading_69d72f2781b6c p {margin-bottom:0px !important;  } <\/style><div class=\"ld-fancy-heading mask-text text-center ld_fancy_heading_69d72f2781b6c\">\n\t<p class=\"ld-fh-element lqd-highlight-underline lqd-highlight-grow-left text-decoration-default lqd-split-lines\"   data-split-text=\"true\" data-split-options='{\"type\":\"lines\"}' data-custom-animations=\"true\" data-ca-options='{\"triggerHandler\":\"inview\",\"animationTarget\":\".lqd-lines > .split-inner\",\"duration\":\"1800\",\"delay\":\"180\",\"ease\":\"power4.out\",\"direction\":\"forward\",\"initValues\":{\"y\":90},\"animations\":{\"y\":0}}'>  Tenemos grandes opciones solicita informaci\u00f3n a: info@grupoorthos.com.mx o env\u00edanos un WhatsApp : 773 139 2924<\/p><\/div>[\/vc_column][\/vc_row][vc_row css=\u00bb.vc_custom_1717722919938{padding-top: 50px !important;padding-bottom: 50px !important;background-color: #ffddc5 !important;}\u00bb][vc_column][vc_row_inner content_placement=\u00bbmiddle\u00bb][vc_column_inner width=\u00bb1\/2&#8243;][vc_column_text]<\/p>\n<div class=\"azoom-text-details\">\n<div class=\"azoom-text-details\">\n<h2><strong>Actividades de Reparaci\u00f3n y Renovaci\u00f3n<\/strong><\/h2>\n<p>Ofrecemos Servicio de Tapicer\u00eda, Barniz, Reparaci\u00f3n de muebles de tu Espacio Sensorial.<\/p>\n<p>Permitenos darle <strong>NUEVA VIDA<\/strong> y mejorar su estado original.<\/p>\n<p>Reparamos y Re tapizamos cualquier mueble de madera que forma parte de tu <strong>ESPACIO SENSORIAL<\/strong> que esta desgastado o que requieran de alg\u00fan arreglo.<\/p>\n<p>En <strong>ORTHOS<\/strong> podemos ayudarte a integrarlos nuevamente a su actividad y funcionamiento.<\/p>\n<\/div>\n<\/div>\n<p>[\/vc_column_text][\/vc_column_inner][vc_column_inner width=\u00bb1\/2&#8243;][vc_single_image image=\u00bb5977&#8243;][vc_single_image image=\u00bb5979&#8243;][\/vc_column_inner][\/vc_row_inner][\/vc_column][\/vc_row][vc_row css=\u00bb.vc_custom_1717723217512{padding-top: 50px !important;padding-bottom: 50px !important;}\u00bb][vc_column][vc_row_inner content_placement=\u00bbmiddle\u00bb][vc_column_inner width=\u00bb1\/2&#8243;][vc_column_text]<\/p>\n<div class=\"azoom-text-details\">\n<h2><strong>Actividades Preventivas o Correctivas<\/strong><\/h2>\n<p>Tienes alg\u00fan equipo el\u00e9ctrico o electr\u00f3nico que forma parte de tu <strong>ESPACIO SENSORIAL<\/strong> que dejo de funcionar, esta en mal estado o que requieran de alg\u00fan arreglo?.<\/p>\n<p>En <strong>ORTHOS<\/strong> podemos ayudarte a repararlos e integrarlos nuevamente a su funcionamiento.<\/p>\n<\/div>\n<p>[\/vc_column_text][\/vc_column_inner][vc_column_inner width=\u00bb1\/2&#8243;][vc_single_image image=\u00bb5965&#8243;][\/vc_column_inner][\/vc_row_inner][\/vc_column][\/vc_row][vc_row content_placement=\u00bbmiddle\u00bb css=\u00bb.vc_custom_1717723322705{padding-top: 50px !important;padding-bottom: 50px !important;background-color: #dac9df !important;}\u00bb][vc_column][vc_row_inner content_placement=\u00bbtop\u00bb][vc_column_inner width=\u00bb1\/2&#8243;][vc_column_text]<\/p>\n<div class=\"azoom-text-details\">\n<h2><strong>CURSOS<\/strong><\/h2>\n<p>1.- Cursos de capacitaci\u00f3n terap\u00e9utica para usos y aplicaciones del cuarto de estimulaci\u00f3n sensorial.<\/p>\n<p>2.- Cursos de capacitaci\u00f3n pedag\u00f3gica para usos y aplicaciones del cuarto de estimulaci\u00f3n sensorial.<\/p>\n<p>3.- Servicio de Mantenimientos preventivos y correctivos a cuartos, salas, o espacios sensoriales.<\/p>\n<p>4.- Reparaci\u00f3n y actualizaci\u00f3n de equipos. (El\u00e9ctrico y Electr\u00f3nica)<\/p>\n<\/div>\n<p>[\/vc_column_text][\/vc_column_inner][vc_column_inner width=\u00bb1\/2&#8243;]<style>.ld_spacer_69d72f2781ca2{height:60px;}<\/style>\n<div class=\"ld-empty-space ld_spacer_69d72f2781ca2\"><\/div>[vc_single_image image=\u00bb5981&#8243;][\/vc_column_inner][\/vc_row_inner][\/vc_column][\/vc_row]<\/p>\n","protected":false},"excerpt":{"rendered":"<p>[vc_row css=\u00bb.vc_custom_1717610396110{padding-top: 50px !important;padding-bottom: 50px !important;background-image: url(https:\/\/susistemapruebas.com\/grapi\/wp-content\/uploads\/2024\/06\/encabezados.webp?id=5470) !important;background-position: center !important;background-repeat: no-repeat !important;background-size: cover !important;}\u00bb][vc_column][\/vc_column][\/vc_row][vc_row css=\u00bb.vc_custom_1717722908045{padding-top: 50px !important;padding-bottom: 50px !important;background-color: #ffddc5 !important;}\u00bb][vc_column][vc_row_inner content_placement=\u00bbtop\u00bb][vc_column_inner width=\u00bb1\/2&#8243;][vc_column_text]A lo largo de la vida \u00fatil de los ESPACIOS SENSORIALES en sus EQUIPOS Y MOBILIARIOS, se suele efectuar MEJORAS necesarias con el fin de que tus ESPACIOS SENSORIALES puedan mantener su capacidad [&hellip;]<\/p>\n","protected":false},"author":1,"featured_media":0,"parent":0,"menu_order":0,"comment_status":"closed","ping_status":"closed","template":"","meta":{"footnotes":""},"class_list":["post-4877","page","type-page","status-publish","hentry"],"_links":{"self":[{"href":"https:\/\/susistemapruebas.com\/grapi\/wp-json\/wp\/v2\/pages\/4877","targetHints":{"allow":["GET"]}}],"collection":[{"href":"https:\/\/susistemapruebas.com\/grapi\/wp-json\/wp\/v2\/pages"}],"about":[{"href":"https:\/\/susistemapruebas.com\/grapi\/wp-json\/wp\/v2\/types\/page"}],"author":[{"embeddable":true,"href":"https:\/\/susistemapruebas.com\/grapi\/wp-json\/wp\/v2\/users\/1"}],"replies":[{"embeddable":true,"href":"https:\/\/susistemapruebas.com\/grapi\/wp-json\/wp\/v2\/comments?post=4877"}],"version-history":[{"count":30,"href":"https:\/\/susistemapruebas.com\/grapi\/wp-json\/wp\/v2\/pages\/4877\/revisions"}],"predecessor-version":[{"id":9280,"href":"https:\/\/susistemapruebas.com\/grapi\/wp-json\/wp\/v2\/pages\/4877\/revisions\/9280"}],"wp:attachment":[{"href":"https:\/\/susistemapruebas.com\/grapi\/wp-json\/wp\/v2\/media?parent=4877"}],"curies":[{"name":"wp","href":"https:\/\/api.w.org\/{rel}","templated":true}]}}